{"id":14,"date":"2024-07-03T07:02:59","date_gmt":"2024-07-03T07:02:59","guid":{"rendered":"https:\/\/demosites.royal-elementor-addons.com\/wedding-v2\/?page_id=14"},"modified":"2024-11-11T17:38:23","modified_gmt":"2024-11-11T17:38:23","slug":"accessoires","status":"publish","type":"page","link":"https:\/\/saunafab.ca\/en\/accessoires\/","title":{"rendered":"Accessories"},"content":{"rendered":"<div data-elementor-type=\"wp-page\" data-elementor-id=\"14\" class=\"elementor elementor-14\" data-elementor-post-type=\"page\">\n\t\t\t\t<div class=\"elementor-element elementor-element-91eeae8 e-flex e-con-boxed wpr-particle-no wpr-jarallax-no wpr-parallax-no wpr-sticky-section-no wpr-equal-height-no e-con e-parent\" data-id=\"91eeae8\" data-element_type=\"container\" data-e-type=\"container\" data-settings=\"{&quot;background_background&quot;:&quot;classic&quot;}\">\n\t\t\t\t\t<div class=\"e-con-inner\">\n\t\t<div class=\"elementor-element elementor-element-89d5424 e-flex e-con-boxed wpr-particle-no wpr-jarallax-no wpr-parallax-no wpr-sticky-section-no wpr-equal-height-no e-con e-child\" data-id=\"89d5424\" data-element_type=\"container\" data-e-type=\"container\">\n\t\t\t\t\t<div class=\"e-con-inner\">\n\t\t\t\t<div class=\"elementor-element elementor-element-02f5983 elementor-widget elementor-widget-heading\" data-id=\"02f5983\" data-element_type=\"widget\" data-e-type=\"widget\" data-widget_type=\"heading.default\">\n\t\t\t\t<div class=\"elementor-widget-container\">\n\t\t\t\t\t<h1 class=\"elementor-heading-title elementor-size-default\">Sauna Accessories<\/h1>\t\t\t\t<\/div>\n\t\t\t\t<\/div>\n\t\t\t\t\t<\/div>\n\t\t\t\t<\/div>\n\t\t\t\t\t<\/div>\n\t\t\t\t<\/div>\n\t\t<div class=\"elementor-element elementor-element-3cf5460 e-flex e-con-boxed wpr-particle-no wpr-jarallax-no wpr-parallax-no wpr-sticky-section-no wpr-equal-height-no e-con e-parent\" data-id=\"3cf5460\" data-element_type=\"container\" data-e-type=\"container\">\n\t\t\t\t\t<div class=\"e-con-inner\">\n\t\t<div class=\"elementor-element elementor-element-2fa20d4 e-con-full e-flex wpr-particle-no wpr-jarallax-no wpr-parallax-no wpr-sticky-section-no wpr-equal-height-no e-con e-child\" data-id=\"2fa20d4\" data-element_type=\"container\" data-e-type=\"container\">\n\t\t\t\t<div class=\"elementor-element elementor-element-5337f05 elementor-widget elementor-widget-spacer\" data-id=\"5337f05\" data-element_type=\"widget\" data-e-type=\"widget\" data-widget_type=\"spacer.default\">\n\t\t\t\t<div class=\"elementor-widget-container\">\n\t\t\t\t\t\t\t<div class=\"elementor-spacer\">\n\t\t\t<div class=\"elementor-spacer-inner\"><\/div>\n\t\t<\/div>\n\t\t\t\t\t\t<\/div>\n\t\t\t\t<\/div>\n\t\t\t\t<div class=\"elementor-element elementor-element-3078f0b elementor-widget elementor-widget-heading\" data-id=\"3078f0b\" data-element_type=\"widget\" data-e-type=\"widget\" data-widget_type=\"heading.default\">\n\t\t\t\t<div class=\"elementor-widget-container\">\n\t\t\t\t\t<h2 class=\"elementor-heading-title elementor-size-default\">Wooden Headrest and Cushion<\/h2>\t\t\t\t<\/div>\n\t\t\t\t<\/div>\n\t\t\t\t<div class=\"elementor-element elementor-element-aefdfcc elementor-widget elementor-widget-spacer\" data-id=\"aefdfcc\" data-element_type=\"widget\" data-e-type=\"widget\" data-widget_type=\"spacer.default\">\n\t\t\t\t<div class=\"elementor-widget-container\">\n\t\t\t\t\t\t\t<div class=\"elementor-spacer\">\n\t\t\t<div class=\"elementor-spacer-inner\"><\/div>\n\t\t<\/div>\n\t\t\t\t\t\t<\/div>\n\t\t\t\t<\/div>\n\t\t\t\t<div class=\"elementor-element elementor-element-b7dd221 elementor-widget elementor-widget-text-editor\" data-id=\"b7dd221\" data-element_type=\"widget\" data-e-type=\"widget\" data-widget_type=\"text-editor.default\">\n\t\t\t\t<div class=\"elementor-widget-container\">\n\t\t\t\t\t\t\t\t\t<p>Headrests are the ultimate sauna accessory designed to provide optimal comfort during your relaxation sessions. Made from high-quality materials, these accessories perfectly adapt to the shape of your body, offering essential ergonomic support. Additionally, these items are made from heat-insulating wood, reducing the risk of burns.<\/p>\t\t\t\t\t\t\t\t<\/div>\n\t\t\t\t<\/div>\n\t\t\t\t<div class=\"elementor-element elementor-element-061270f elementor-align-center elementor-widget elementor-widget-button\" data-id=\"061270f\" data-element_type=\"widget\" data-e-type=\"widget\" data-widget_type=\"button.default\">\n\t\t\t\t<div class=\"elementor-widget-container\">\n\t\t\t\t\t\t\t\t\t<div class=\"elementor-button-wrapper\">\n\t\t\t\t\t<a class=\"elementor-button elementor-button-link elementor-size-sm\" href=\"https:\/\/saunafab.ca\/en\/?wpr_templates=user-product_archive-wedding-v2-shop\">\n\t\t\t\t\t\t<span class=\"elementor-button-content-wrapper\">\n\t\t\t\t\t\t\t\t\t<span class=\"elementor-button-text\">View Products<\/span>\n\t\t\t\t\t<\/span>\n\t\t\t\t\t<\/a>\n\t\t\t\t<\/div>\n\t\t\t\t\t\t\t\t<\/div>\n\t\t\t\t<\/div>\n\t\t\t\t<\/div>\n\t\t<div class=\"elementor-element elementor-element-e3505a0 e-con-full e-flex wpr-particle-no wpr-jarallax-no wpr-parallax-no wpr-sticky-section-no wpr-equal-height-no e-con e-child\" data-id=\"e3505a0\" data-element_type=\"container\" data-e-type=\"container\">\n\t\t\t\t<div class=\"elementor-element elementor-element-075608a elementor-widget elementor-widget-image\" data-id=\"075608a\" data-element_type=\"widget\" data-e-type=\"widget\" data-widget_type=\"image.default\">\n\t\t\t\t<div class=\"elementor-widget-container\">\n\t\t\t\t\t\t\t\t\t\t\t\t\t\t\t<img fetchpriority=\"high\" decoding=\"async\" width=\"960\" height=\"720\" src=\"https:\/\/saunafab.ca\/wp-content\/uploads\/2024\/10\/461438436_2308098469535596_7459543548102236226_n-1024x768.jpg\" class=\"attachment-large size-large wp-image-1831\" alt=\"Appui-t\u00eate\" srcset=\"https:\/\/saunafab.ca\/wp-content\/uploads\/2024\/10\/461438436_2308098469535596_7459543548102236226_n-1024x768.jpg 1024w, https:\/\/saunafab.ca\/wp-content\/uploads\/2024\/10\/461438436_2308098469535596_7459543548102236226_n-600x450.jpg 600w, https:\/\/saunafab.ca\/wp-content\/uploads\/2024\/10\/461438436_2308098469535596_7459543548102236226_n-300x225.jpg 300w, https:\/\/saunafab.ca\/wp-content\/uploads\/2024\/10\/461438436_2308098469535596_7459543548102236226_n-768x576.jpg 768w, https:\/\/saunafab.ca\/wp-content\/uploads\/2024\/10\/461438436_2308098469535596_7459543548102236226_n-1536x1152.jpg 1536w, https:\/\/saunafab.ca\/wp-content\/uploads\/2024\/10\/461438436_2308098469535596_7459543548102236226_n.jpg 2048w\" sizes=\"(max-width: 960px) 100vw, 960px\" \/>\t\t\t\t\t\t\t\t\t\t\t\t\t\t\t<\/div>\n\t\t\t\t<\/div>\n\t\t\t\t<\/div>\n\t\t\t\t\t<\/div>\n\t\t\t\t<\/div>\n\t\t<div class=\"elementor-element elementor-element-2b2ae77 e-flex e-con-boxed wpr-particle-no wpr-jarallax-no wpr-parallax-no wpr-sticky-section-no wpr-equal-height-no e-con e-parent\" data-id=\"2b2ae77\" data-element_type=\"container\" data-e-type=\"container\">\n\t\t\t\t\t<div class=\"e-con-inner\">\n\t\t<div class=\"elementor-element elementor-element-a897b41 e-con-full e-flex wpr-particle-no wpr-jarallax-no wpr-parallax-no wpr-sticky-section-no wpr-equal-height-no e-con e-child\" data-id=\"a897b41\" data-element_type=\"container\" data-e-type=\"container\">\n\t\t\t\t<div class=\"elementor-element elementor-element-bc8ee6e elementor-widget elementor-widget-image\" data-id=\"bc8ee6e\" data-element_type=\"widget\" data-e-type=\"widget\" data-widget_type=\"image.default\">\n\t\t\t\t<div class=\"elementor-widget-container\">\n\t\t\t\t\t\t\t\t\t\t\t\t\t\t\t<img decoding=\"async\" width=\"960\" height=\"640\" src=\"https:\/\/saunafab.ca\/wp-content\/uploads\/2024\/10\/photo-1678988227223-45112511eca2-1024x683.jpg\" class=\"attachment-large size-large wp-image-2409\" alt=\"Kit acessoires sauna\" srcset=\"https:\/\/saunafab.ca\/wp-content\/uploads\/2024\/10\/photo-1678988227223-45112511eca2-1024x683.jpg 1024w, https:\/\/saunafab.ca\/wp-content\/uploads\/2024\/10\/photo-1678988227223-45112511eca2-600x400.jpg 600w, https:\/\/saunafab.ca\/wp-content\/uploads\/2024\/10\/photo-1678988227223-45112511eca2-300x200.jpg 300w, https:\/\/saunafab.ca\/wp-content\/uploads\/2024\/10\/photo-1678988227223-45112511eca2-768x512.jpg 768w, https:\/\/saunafab.ca\/wp-content\/uploads\/2024\/10\/photo-1678988227223-45112511eca2.jpg 1080w\" sizes=\"(max-width: 960px) 100vw, 960px\" \/>\t\t\t\t\t\t\t\t\t\t\t\t\t\t\t<\/div>\n\t\t\t\t<\/div>\n\t\t\t\t<\/div>\n\t\t<div class=\"elementor-element elementor-element-66347d8 e-con-full e-flex wpr-particle-no wpr-jarallax-no wpr-parallax-no wpr-sticky-section-no wpr-equal-height-no e-con e-child\" data-id=\"66347d8\" data-element_type=\"container\" data-e-type=\"container\">\n\t\t\t\t<div class=\"elementor-element elementor-element-c292f06 elementor-widget elementor-widget-spacer\" data-id=\"c292f06\" data-element_type=\"widget\" data-e-type=\"widget\" data-widget_type=\"spacer.default\">\n\t\t\t\t<div class=\"elementor-widget-container\">\n\t\t\t\t\t\t\t<div class=\"elementor-spacer\">\n\t\t\t<div class=\"elementor-spacer-inner\"><\/div>\n\t\t<\/div>\n\t\t\t\t\t\t<\/div>\n\t\t\t\t<\/div>\n\t\t\t\t<div class=\"elementor-element elementor-element-113046c elementor-widget elementor-widget-heading\" data-id=\"113046c\" data-element_type=\"widget\" data-e-type=\"widget\" data-widget_type=\"heading.default\">\n\t\t\t\t<div class=\"elementor-widget-container\">\n\t\t\t\t\t<h2 class=\"elementor-heading-title elementor-size-default\">Our sauna accessory kits: Bucket, hourglass, ladle<\/h2>\t\t\t\t<\/div>\n\t\t\t\t<\/div>\n\t\t\t\t<div class=\"elementor-element elementor-element-e3fd8b5 elementor-widget elementor-widget-spacer\" data-id=\"e3fd8b5\" data-element_type=\"widget\" data-e-type=\"widget\" data-widget_type=\"spacer.default\">\n\t\t\t\t<div class=\"elementor-widget-container\">\n\t\t\t\t\t\t\t<div class=\"elementor-spacer\">\n\t\t\t<div class=\"elementor-spacer-inner\"><\/div>\n\t\t<\/div>\n\t\t\t\t\t\t<\/div>\n\t\t\t\t<\/div>\n\t\t\t\t<div class=\"elementor-element elementor-element-1d41099 elementor-widget elementor-widget-text-editor\" data-id=\"1d41099\" data-element_type=\"widget\" data-e-type=\"widget\" data-widget_type=\"text-editor.default\">\n\t\t\t\t<div class=\"elementor-widget-container\">\n\t\t\t\t\t\t\t\t\t<p>Simplify your sauna experience with our complete accessory kits, gathering all the essentials.<\/p><p>From the bucket to pour water on the stove stones, to the ladle and <span data-olk-copy-source=\"MessageBody\">thermometer hygrometer<\/span>, each item is carefully selected to ensure a complete and enjoyable sauna experience. Our kits are perfect for both beginners and regular users, adding a touch of simplicity and comfort to every session.<\/p>\t\t\t\t\t\t\t\t<\/div>\n\t\t\t\t<\/div>\n\t\t\t\t<div class=\"elementor-element elementor-element-b680cd8 elementor-align-center elementor-widget elementor-widget-button\" data-id=\"b680cd8\" data-element_type=\"widget\" data-e-type=\"widget\" data-widget_type=\"button.default\">\n\t\t\t\t<div class=\"elementor-widget-container\">\n\t\t\t\t\t\t\t\t\t<div class=\"elementor-button-wrapper\">\n\t\t\t\t\t<a class=\"elementor-button elementor-button-link elementor-size-sm\" href=\"https:\/\/saunafab.ca\/en\/?wpr_templates=user-product_archive-wedding-v2-shop\">\n\t\t\t\t\t\t<span class=\"elementor-button-content-wrapper\">\n\t\t\t\t\t\t\t\t\t<span class=\"elementor-button-text\">Shop<\/span>\n\t\t\t\t\t<\/span>\n\t\t\t\t\t<\/a>\n\t\t\t\t<\/div>\n\t\t\t\t\t\t\t\t<\/div>\n\t\t\t\t<\/div>\n\t\t\t\t<\/div>\n\t\t\t\t\t<\/div>\n\t\t\t\t<\/div>\n\t\t\t\t<\/div>","protected":false},"excerpt":{"rendered":"<p>Accessoires Sauna Appui-t\u00eate et coussin en bois Les appuis-t\u00eate sont l&rsquo;acessoire sauna par excellence con\u00e7us pour vous offrir un confort optimal lors de vos s\u00e9ances de relaxation. Fabriqu\u00e9s \u00e0 partir de mat\u00e9riaux de qualit\u00e9, ces accessoires s&rsquo;adaptent parfaitement \u00e0 la forme de votre corps, offrant un soutien ergonomique essentiel. De plus, ces \u00e9quipements sont fabriqu\u00e9s en bois non conducteur de chaleur, r\u00e9duisant ainsi tout risque de br\u00fblure. Voir les produits Nos kits d&rsquo;accessoires pour sauna : Seau, sablier, louche Simplifiez votre exp\u00e9rience sauna avec nos kits d&rsquo;accessoires complets, regroupant tous les essentiels. Du seau pour arroser les pierres du po\u00eale, \u00e0 la louche et au thermom\u00e8tre hygrom\u00e8tre, chaque \u00e9l\u00e9ment est soigneusement s\u00e9lectionn\u00e9 pour garantir une exp\u00e9rience sauna compl\u00e8te et agr\u00e9able. Nos kits sont id\u00e9aux pour les d\u00e9butants comme pour les habitu\u00e9s, apportant une touche de simplicit\u00e9 et de confort \u00e0 chaque s\u00e9ance. Magasiner<\/p>","protected":false},"author":1,"featured_media":0,"parent":0,"menu_order":0,"comment_status":"closed","ping_status":"closed","template":"elementor_canvas","meta":{"footnotes":""},"class_list":["post-14","page","type-page","status-publish","hentry"],"yoast_head":"<!-- This site is optimized with the Yoast SEO plugin v27.4 - https:\/\/yoast.com\/product\/yoast-seo-wordpress\/ -->\n<title>Accessoires - SaunaFab - Saunas baril et bains froids<\/title>\n<meta name=\"description\" content=\"D\u00e9couvrez nos acessoires de Saunas \u00e0 prix avantageux. Fabriqu\u00e9s au qu\u00e9bec, choisissez vos acessoires afin d&#039;optimiser votre exp\u00e9rience.\" \/>\n<meta name=\"robots\" content=\"index, follow, max-snippet:-1, max-image-preview:large, max-video-preview:-1\" \/>\n<link rel=\"canonical\" href=\"https:\/\/saunafab.ca\/en\/accessoires\/\" \/>\n<meta property=\"og:locale\" content=\"en_US\" \/>\n<meta property=\"og:type\" content=\"article\" \/>\n<meta property=\"og:title\" content=\"Accessoires - SaunaFab - Saunas baril et bains froids\" \/>\n<meta property=\"og:description\" content=\"D\u00e9couvrez nos acessoires de Saunas \u00e0 prix avantageux. Fabriqu\u00e9s au qu\u00e9bec, choisissez vos acessoires afin d&#039;optimiser votre exp\u00e9rience.\" \/>\n<meta property=\"og:url\" content=\"https:\/\/saunafab.ca\/en\/accessoires\/\" \/>\n<meta property=\"og:site_name\" content=\"SaunaFab - Saunas baril et bains froids\" \/>\n<meta property=\"article:publisher\" content=\"https:\/\/www.facebook.com\/profile.php?id=61557895574503\" \/>\n<meta property=\"article:modified_time\" content=\"2024-11-11T17:38:23+00:00\" \/>\n<meta property=\"og:image\" content=\"https:\/\/saunafab.ca\/wp-content\/uploads\/2024\/10\/461438436_2308098469535596_7459543548102236226_n-1024x768.jpg\" \/>\n<meta name=\"twitter:card\" content=\"summary_large_image\" \/>\n<meta name=\"twitter:label1\" content=\"Est. reading time\" \/>\n\t<meta name=\"twitter:data1\" content=\"2 minutes\" \/>\n<script type=\"application\/ld+json\" class=\"yoast-schema-graph\">{\"@context\":\"https:\\\/\\\/schema.org\",\"@graph\":[{\"@type\":\"WebPage\",\"@id\":\"https:\\\/\\\/saunafab.ca\\\/accessoires\\\/\",\"url\":\"https:\\\/\\\/saunafab.ca\\\/accessoires\\\/\",\"name\":\"Accessoires - SaunaFab - Saunas baril et bains froids\",\"isPartOf\":{\"@id\":\"https:\\\/\\\/saunafab.ca\\\/en\\\/#website\"},\"primaryImageOfPage\":{\"@id\":\"https:\\\/\\\/saunafab.ca\\\/accessoires\\\/#primaryimage\"},\"image\":{\"@id\":\"https:\\\/\\\/saunafab.ca\\\/accessoires\\\/#primaryimage\"},\"thumbnailUrl\":\"https:\\\/\\\/saunafab.ca\\\/wp-content\\\/uploads\\\/2024\\\/10\\\/461438436_2308098469535596_7459543548102236226_n-1024x768.jpg\",\"datePublished\":\"2024-07-03T07:02:59+00:00\",\"dateModified\":\"2024-11-11T17:38:23+00:00\",\"description\":\"D\u00e9couvrez nos acessoires de Saunas \u00e0 prix avantageux. Fabriqu\u00e9s au qu\u00e9bec, choisissez vos acessoires afin d'optimiser votre exp\u00e9rience.\",\"breadcrumb\":{\"@id\":\"https:\\\/\\\/saunafab.ca\\\/accessoires\\\/#breadcrumb\"},\"inLanguage\":\"en-CA\",\"potentialAction\":[{\"@type\":\"ReadAction\",\"target\":[\"https:\\\/\\\/saunafab.ca\\\/accessoires\\\/\"]}]},{\"@type\":\"ImageObject\",\"inLanguage\":\"en-CA\",\"@id\":\"https:\\\/\\\/saunafab.ca\\\/accessoires\\\/#primaryimage\",\"url\":\"https:\\\/\\\/saunafab.ca\\\/wp-content\\\/uploads\\\/2024\\\/10\\\/461438436_2308098469535596_7459543548102236226_n-1024x768.jpg\",\"contentUrl\":\"https:\\\/\\\/saunafab.ca\\\/wp-content\\\/uploads\\\/2024\\\/10\\\/461438436_2308098469535596_7459543548102236226_n-1024x768.jpg\"},{\"@type\":\"BreadcrumbList\",\"@id\":\"https:\\\/\\\/saunafab.ca\\\/accessoires\\\/#breadcrumb\",\"itemListElement\":[{\"@type\":\"ListItem\",\"position\":1,\"name\":\"Accueil\",\"item\":\"https:\\\/\\\/saunafab.ca\\\/en\\\/\"},{\"@type\":\"ListItem\",\"position\":2,\"name\":\"Accessoires\"}]},{\"@type\":\"WebSite\",\"@id\":\"https:\\\/\\\/saunafab.ca\\\/en\\\/#website\",\"url\":\"https:\\\/\\\/saunafab.ca\\\/en\\\/\",\"name\":\"SaunaFab\",\"description\":\"Saunas baril et bains froids haut de gamme offerts au Qu&eacute;bec, pour une exp&eacute;rience de d&eacute;tente et de bien-&ecirc;tre incomparable.\",\"publisher\":{\"@id\":\"https:\\\/\\\/saunafab.ca\\\/en\\\/#organization\"},\"potentialAction\":[{\"@type\":\"SearchAction\",\"target\":{\"@type\":\"EntryPoint\",\"urlTemplate\":\"https:\\\/\\\/saunafab.ca\\\/en\\\/?s={search_term_string}\"},\"query-input\":{\"@type\":\"PropertyValueSpecification\",\"valueRequired\":true,\"valueName\":\"search_term_string\"}}],\"inLanguage\":\"en-CA\"},{\"@type\":\"Organization\",\"@id\":\"https:\\\/\\\/saunafab.ca\\\/en\\\/#organization\",\"name\":\"SaunaFab\",\"url\":\"https:\\\/\\\/saunafab.ca\\\/en\\\/\",\"logo\":{\"@type\":\"ImageObject\",\"inLanguage\":\"en-CA\",\"@id\":\"https:\\\/\\\/saunafab.ca\\\/en\\\/#\\\/schema\\\/logo\\\/image\\\/\",\"url\":\"https:\\\/\\\/saunafab.ca\\\/wp-content\\\/uploads\\\/2024\\\/07\\\/cropped-logo-saunafab.png\",\"contentUrl\":\"https:\\\/\\\/saunafab.ca\\\/wp-content\\\/uploads\\\/2024\\\/07\\\/cropped-logo-saunafab.png\",\"width\":512,\"height\":512,\"caption\":\"SaunaFab\"},\"image\":{\"@id\":\"https:\\\/\\\/saunafab.ca\\\/en\\\/#\\\/schema\\\/logo\\\/image\\\/\"},\"sameAs\":[\"https:\\\/\\\/www.facebook.com\\\/profile.php?id=61557895574503\"]}]}<\/script>\n<!-- \/ Yoast SEO plugin. -->","yoast_head_json":{"title":"Accessoires - SaunaFab - Saunas baril et bains froids","description":"D\u00e9couvrez nos acessoires de Saunas \u00e0 prix avantageux. Fabriqu\u00e9s au qu\u00e9bec, choisissez vos acessoires afin d'optimiser votre exp\u00e9rience.","robots":{"index":"index","follow":"follow","max-snippet":"max-snippet:-1","max-image-preview":"max-image-preview:large","max-video-preview":"max-video-preview:-1"},"canonical":"https:\/\/saunafab.ca\/en\/accessoires\/","og_locale":"en_US","og_type":"article","og_title":"Accessoires - SaunaFab - Saunas baril et bains froids","og_description":"D\u00e9couvrez nos acessoires de Saunas \u00e0 prix avantageux. Fabriqu\u00e9s au qu\u00e9bec, choisissez vos acessoires afin d'optimiser votre exp\u00e9rience.","og_url":"https:\/\/saunafab.ca\/en\/accessoires\/","og_site_name":"SaunaFab - Saunas baril et bains froids","article_publisher":"https:\/\/www.facebook.com\/profile.php?id=61557895574503","article_modified_time":"2024-11-11T17:38:23+00:00","og_image":[{"url":"https:\/\/saunafab.ca\/wp-content\/uploads\/2024\/10\/461438436_2308098469535596_7459543548102236226_n-1024x768.jpg","type":"","width":"","height":""}],"twitter_card":"summary_large_image","twitter_misc":{"Est. reading time":"2 minutes"},"schema":{"@context":"https:\/\/schema.org","@graph":[{"@type":"WebPage","@id":"https:\/\/saunafab.ca\/accessoires\/","url":"https:\/\/saunafab.ca\/accessoires\/","name":"Accessoires - SaunaFab - Saunas baril et bains froids","isPartOf":{"@id":"https:\/\/saunafab.ca\/en\/#website"},"primaryImageOfPage":{"@id":"https:\/\/saunafab.ca\/accessoires\/#primaryimage"},"image":{"@id":"https:\/\/saunafab.ca\/accessoires\/#primaryimage"},"thumbnailUrl":"https:\/\/saunafab.ca\/wp-content\/uploads\/2024\/10\/461438436_2308098469535596_7459543548102236226_n-1024x768.jpg","datePublished":"2024-07-03T07:02:59+00:00","dateModified":"2024-11-11T17:38:23+00:00","description":"D\u00e9couvrez nos acessoires de Saunas \u00e0 prix avantageux. Fabriqu\u00e9s au qu\u00e9bec, choisissez vos acessoires afin d'optimiser votre exp\u00e9rience.","breadcrumb":{"@id":"https:\/\/saunafab.ca\/accessoires\/#breadcrumb"},"inLanguage":"en-CA","potentialAction":[{"@type":"ReadAction","target":["https:\/\/saunafab.ca\/accessoires\/"]}]},{"@type":"ImageObject","inLanguage":"en-CA","@id":"https:\/\/saunafab.ca\/accessoires\/#primaryimage","url":"https:\/\/saunafab.ca\/wp-content\/uploads\/2024\/10\/461438436_2308098469535596_7459543548102236226_n-1024x768.jpg","contentUrl":"https:\/\/saunafab.ca\/wp-content\/uploads\/2024\/10\/461438436_2308098469535596_7459543548102236226_n-1024x768.jpg"},{"@type":"BreadcrumbList","@id":"https:\/\/saunafab.ca\/accessoires\/#breadcrumb","itemListElement":[{"@type":"ListItem","position":1,"name":"Accueil","item":"https:\/\/saunafab.ca\/en\/"},{"@type":"ListItem","position":2,"name":"Accessoires"}]},{"@type":"WebSite","@id":"https:\/\/saunafab.ca\/en\/#website","url":"https:\/\/saunafab.ca\/en\/","name":"SaunaFab","description":"Saunas baril et bains froids haut de gamme offerts au Qu&eacute;bec, pour une exp&eacute;rience de d&eacute;tente et de bien-&ecirc;tre incomparable.","publisher":{"@id":"https:\/\/saunafab.ca\/en\/#organization"},"potentialAction":[{"@type":"SearchAction","target":{"@type":"EntryPoint","urlTemplate":"https:\/\/saunafab.ca\/en\/?s={search_term_string}"},"query-input":{"@type":"PropertyValueSpecification","valueRequired":true,"valueName":"search_term_string"}}],"inLanguage":"en-CA"},{"@type":"Organization","@id":"https:\/\/saunafab.ca\/en\/#organization","name":"SaunaFab","url":"https:\/\/saunafab.ca\/en\/","logo":{"@type":"ImageObject","inLanguage":"en-CA","@id":"https:\/\/saunafab.ca\/en\/#\/schema\/logo\/image\/","url":"https:\/\/saunafab.ca\/wp-content\/uploads\/2024\/07\/cropped-logo-saunafab.png","contentUrl":"https:\/\/saunafab.ca\/wp-content\/uploads\/2024\/07\/cropped-logo-saunafab.png","width":512,"height":512,"caption":"SaunaFab"},"image":{"@id":"https:\/\/saunafab.ca\/en\/#\/schema\/logo\/image\/"},"sameAs":["https:\/\/www.facebook.com\/profile.php?id=61557895574503"]}]}},"_hostinger_reach_plugin_has_subscription_block":false,"_hostinger_reach_plugin_is_elementor":false,"acf":[],"_links":{"self":[{"href":"https:\/\/saunafab.ca\/en\/wp-json\/wp\/v2\/pages\/14","targetHints":{"allow":["GET"]}}],"collection":[{"href":"https:\/\/saunafab.ca\/en\/wp-json\/wp\/v2\/pages"}],"about":[{"href":"https:\/\/saunafab.ca\/en\/wp-json\/wp\/v2\/types\/page"}],"author":[{"embeddable":true,"href":"https:\/\/saunafab.ca\/en\/wp-json\/wp\/v2\/users\/1"}],"replies":[{"embeddable":true,"href":"https:\/\/saunafab.ca\/en\/wp-json\/wp\/v2\/comments?post=14"}],"version-history":[{"count":40,"href":"https:\/\/saunafab.ca\/en\/wp-json\/wp\/v2\/pages\/14\/revisions"}],"predecessor-version":[{"id":2790,"href":"https:\/\/saunafab.ca\/en\/wp-json\/wp\/v2\/pages\/14\/revisions\/2790"}],"wp:attachment":[{"href":"https:\/\/saunafab.ca\/en\/wp-json\/wp\/v2\/media?parent=14"}],"curies":[{"name":"wp","href":"https:\/\/api.w.org\/{rel}","templated":true}]}}