{"id":16,"date":"2024-07-03T07:03:45","date_gmt":"2024-07-03T07:03:45","guid":{"rendered":"https:\/\/demosites.royal-elementor-addons.com\/wedding-v2\/?page_id=16"},"modified":"2024-11-11T17:50:43","modified_gmt":"2024-11-11T17:50:43","slug":"douches","status":"publish","type":"page","link":"https:\/\/saunafab.ca\/en\/douches\/","title":{"rendered":"Showers"},"content":{"rendered":"<div data-elementor-type=\"wp-page\" data-elementor-id=\"16\" class=\"elementor elementor-16\" data-elementor-post-type=\"page\">\n\t\t\t\t<div class=\"elementor-element elementor-element-41cc80e e-flex e-con-boxed wpr-particle-no wpr-jarallax-no wpr-parallax-no wpr-sticky-section-no wpr-equal-height-no e-con e-parent\" data-id=\"41cc80e\" data-element_type=\"container\" data-e-type=\"container\" data-settings=\"{&quot;background_background&quot;:&quot;classic&quot;}\">\n\t\t\t\t\t<div class=\"e-con-inner\">\n\t\t<div class=\"elementor-element elementor-element-4750850 e-flex e-con-boxed wpr-particle-no wpr-jarallax-no wpr-parallax-no wpr-sticky-section-no wpr-equal-height-no e-con e-child\" data-id=\"4750850\" data-element_type=\"container\" data-e-type=\"container\">\n\t\t\t\t\t<div class=\"e-con-inner\">\n\t\t\t\t<div class=\"elementor-element elementor-element-b33d716 elementor-widget elementor-widget-heading\" data-id=\"b33d716\" data-element_type=\"widget\" data-e-type=\"widget\" data-widget_type=\"heading.default\">\n\t\t\t\t<div class=\"elementor-widget-container\">\n\t\t\t\t\t<h2 class=\"elementor-heading-title elementor-size-default\">Showers<\/h2>\t\t\t\t<\/div>\n\t\t\t\t<\/div>\n\t\t\t\t<div class=\"elementor-element elementor-element-e436962 elementor-widget elementor-widget-wpr-breadcrumbs-pro\" data-id=\"e436962\" data-element_type=\"widget\" data-e-type=\"widget\" data-widget_type=\"wpr-breadcrumbs-pro.default\">\n\t\t\t\t<div class=\"elementor-widget-container\">\n\t\t\t\t\t<div class=\"wpr-post-breadcrumbs\"><ul class=\"wpr-breadcrumbs\"><li><a href=\"https:\/\/saunafab.ca\/en\">Home<\/a><\/li><li>\/<\/li><li>Showers<\/li><\/ul><\/div>\t\t\t\t<\/div>\n\t\t\t\t<\/div>\n\t\t\t\t\t<\/div>\n\t\t\t\t<\/div>\n\t\t\t\t\t<\/div>\n\t\t\t\t<\/div>\n\t\t<div class=\"elementor-element elementor-element-299e868 e-flex e-con-boxed wpr-particle-no wpr-jarallax-no wpr-parallax-no wpr-sticky-section-no wpr-equal-height-no e-con e-parent\" data-id=\"299e868\" data-element_type=\"container\" data-e-type=\"container\">\n\t\t\t\t\t<div class=\"e-con-inner\">\n\t\t<div class=\"elementor-element elementor-element-d1a4e5b e-con-full e-flex wpr-particle-no wpr-jarallax-no wpr-parallax-no wpr-sticky-section-no wpr-equal-height-no e-con e-child\" data-id=\"d1a4e5b\" data-element_type=\"container\" data-e-type=\"container\">\n\t\t\t\t<div class=\"elementor-element elementor-element-a454245 elementor-widget elementor-widget-image\" data-id=\"a454245\" data-element_type=\"widget\" data-e-type=\"widget\" data-widget_type=\"image.default\">\n\t\t\t\t<div class=\"elementor-widget-container\">\n\t\t\t\t\t\t\t\t\t\t\t\t\t\t\t<img fetchpriority=\"high\" decoding=\"async\" width=\"960\" height=\"720\" src=\"https:\/\/saunafab.ca\/wp-content\/uploads\/2024\/10\/douche-3-1024x768.jpg\" class=\"attachment-large size-large wp-image-1846\" alt=\"douche\" srcset=\"https:\/\/saunafab.ca\/wp-content\/uploads\/2024\/10\/douche-3-1024x768.jpg 1024w, https:\/\/saunafab.ca\/wp-content\/uploads\/2024\/10\/douche-3-600x450.jpg 600w, https:\/\/saunafab.ca\/wp-content\/uploads\/2024\/10\/douche-3-300x225.jpg 300w, https:\/\/saunafab.ca\/wp-content\/uploads\/2024\/10\/douche-3-768x576.jpg 768w, https:\/\/saunafab.ca\/wp-content\/uploads\/2024\/10\/douche-3-1536x1152.jpg 1536w, https:\/\/saunafab.ca\/wp-content\/uploads\/2024\/10\/douche-3.jpg 2048w\" sizes=\"(max-width: 960px) 100vw, 960px\" \/>\t\t\t\t\t\t\t\t\t\t\t\t\t\t\t<\/div>\n\t\t\t\t<\/div>\n\t\t\t\t<\/div>\n\t\t<div class=\"elementor-element elementor-element-e510497 e-con-full e-flex wpr-particle-no wpr-jarallax-no wpr-parallax-no wpr-sticky-section-no wpr-equal-height-no e-con e-child\" data-id=\"e510497\" data-element_type=\"container\" data-e-type=\"container\">\n\t\t\t\t<div class=\"elementor-element elementor-element-a327858 elementor-widget elementor-widget-heading\" data-id=\"a327858\" data-element_type=\"widget\" data-e-type=\"widget\" data-widget_type=\"heading.default\">\n\t\t\t\t<div class=\"elementor-widget-container\">\n\t\t\t\t\t<h2 class=\"elementor-heading-title elementor-size-default\">A design crafted for comfort and aesthetics<\/h2>\t\t\t\t<\/div>\n\t\t\t\t<\/div>\n\t\t\t\t<div class=\"elementor-element elementor-element-c3be246 elementor-widget elementor-widget-text-editor\" data-id=\"c3be246\" data-element_type=\"widget\" data-e-type=\"widget\" data-widget_type=\"text-editor.default\">\n\t\t\t\t<div class=\"elementor-widget-container\">\n\t\t\t\t\t\t\t\t\t<p>With a height of <strong>7 feet<\/strong> and a generous diameter of <strong>42 inches<\/strong>, our showers are designed to offer optimal comfort, even for the sturdier among us. Their spacious size allows you to fully enjoy every moment under the water, outdoors, while feeling free and at peace. The delicate scent of cedar subtly diffuses with each use, transforming each shower into a true moment of well-being.<\/p><p>Whether you choose a model with a <strong>open ceiling<\/strong>, to enjoy the starry sky or the birdsong, or a model with a <strong>closed ceiling<\/strong> for complete privacy, our showers adapt perfectly to your outdoor space. They thus become not only a functional element but also an aesthetic addition to your garden or terrace.<\/p>\t\t\t\t\t\t\t\t<\/div>\n\t\t\t\t<\/div>\n\t\t\t\t<div class=\"elementor-element elementor-element-9fb7977 elementor-align-center elementor-widget elementor-widget-button\" data-id=\"9fb7977\" data-element_type=\"widget\" data-e-type=\"widget\" data-widget_type=\"button.default\">\n\t\t\t\t<div class=\"elementor-widget-container\">\n\t\t\t\t\t\t\t\t\t<div class=\"elementor-button-wrapper\">\n\t\t\t\t\t<a class=\"elementor-button elementor-button-link elementor-size-sm\" href=\"https:\/\/saunafab.ca\/en\/product\/douche\/\">\n\t\t\t\t\t\t<span class=\"elementor-button-content-wrapper\">\n\t\t\t\t\t\t\t\t\t<span class=\"elementor-button-text\">Buy Now<\/span>\n\t\t\t\t\t<\/span>\n\t\t\t\t\t<\/a>\n\t\t\t\t<\/div>\n\t\t\t\t\t\t\t\t<\/div>\n\t\t\t\t<\/div>\n\t\t\t\t<\/div>\n\t\t\t\t\t<\/div>\n\t\t\t\t<\/div>\n\t\t<div class=\"elementor-element elementor-element-c2e38a8 e-flex e-con-boxed wpr-particle-no wpr-jarallax-no wpr-parallax-no wpr-sticky-section-no wpr-equal-height-no e-con e-parent\" data-id=\"c2e38a8\" data-element_type=\"container\" data-e-type=\"container\">\n\t\t\t\t\t<div class=\"e-con-inner\">\n\t\t<div class=\"elementor-element elementor-element-af3e796 e-con-full e-flex wpr-particle-no wpr-jarallax-no wpr-parallax-no wpr-sticky-section-no wpr-equal-height-no e-con e-child\" data-id=\"af3e796\" data-element_type=\"container\" data-e-type=\"container\">\n\t\t\t\t<div class=\"elementor-element elementor-element-f3042be elementor-widget elementor-widget-heading\" data-id=\"f3042be\" data-element_type=\"widget\" data-e-type=\"widget\" data-widget_type=\"heading.default\">\n\t\t\t\t<div class=\"elementor-widget-container\">\n\t\t\t\t\t<h2 class=\"elementor-heading-title elementor-size-default\">A Quebec craftsmanship gem<\/h2>\t\t\t\t<\/div>\n\t\t\t\t<\/div>\n\t\t\t\t<div class=\"elementor-element elementor-element-f46a66d elementor-widget elementor-widget-text-editor\" data-id=\"f46a66d\" data-element_type=\"widget\" data-e-type=\"widget\" data-widget_type=\"text-editor.default\">\n\t\t\t\t<div class=\"elementor-widget-container\">\n\t\t\t\t\t\t\t\t\t<p>Our outdoor showers are proudly crafted by local artisans, blending traditional craftsmanship with modern design. Each piece is carefully shaped, respecting the natural beauty of the wood, and every detail is designed to offer a unique sensory experience. The cedar, carefully dried, is selected for its ability to withstand humidity and climate changes, ensuring exceptional durability.<\/p><p>\u00a0<\/p>\t\t\t\t\t\t\t\t<\/div>\n\t\t\t\t<\/div>\n\t\t\t\t<div class=\"elementor-element elementor-element-c5ebe40 elementor-widget elementor-widget-heading\" data-id=\"c5ebe40\" data-element_type=\"widget\" data-e-type=\"widget\" data-widget_type=\"heading.default\">\n\t\t\t\t<div class=\"elementor-widget-container\">\n\t\t\t\t\t<h2 class=\"elementor-heading-title elementor-size-default\">Customize Your Experience<\/h2>\t\t\t\t<\/div>\n\t\t\t\t<\/div>\n\t\t\t\t<div class=\"elementor-element elementor-element-f409f5c elementor-widget elementor-widget-text-editor\" data-id=\"f409f5c\" data-element_type=\"widget\" data-e-type=\"widget\" data-widget_type=\"text-editor.default\">\n\t\t\t\t<div class=\"elementor-widget-container\">\n\t\t\t\t\t\t\t\t\t<p>Because every outdoor space is unique, we offer you the opportunity to customize your shower according to your preferences. You can choose from various finishing styles and accessories to ensure it integrates harmoniously into your environment.<\/p><p>There is something deeply soothing about taking a shower outdoors, surrounded by nature. Our outdoor showers allow you to reconnect with this environment while enjoying the comfort and privacy of your own space. Whether it's after a long day or to start your morning gently, let yourself be carried away by the simplicity and beauty of the flowing water, in perfect harmony with the nature around you.<\/p><p>Embrace the timeless charm of our outdoor showers and make every moment a special time of relaxation and natural luxury.<\/p><p><strong>Note<\/strong> : Plumbing is sold separately to allow you to choose the installations that best suit your needs and budget.<\/p>\t\t\t\t\t\t\t\t<\/div>\n\t\t\t\t<\/div>\n\t\t\t\t<div class=\"elementor-element elementor-element-7b3a67e elementor-align-center elementor-widget elementor-widget-button\" data-id=\"7b3a67e\" data-element_type=\"widget\" data-e-type=\"widget\" data-widget_type=\"button.default\">\n\t\t\t\t<div class=\"elementor-widget-container\">\n\t\t\t\t\t\t\t\t\t<div class=\"elementor-button-wrapper\">\n\t\t\t\t\t<a class=\"elementor-button elementor-button-link elementor-size-sm\" href=\"https:\/\/saunafab.ca\/en\/product\/douche\/\">\n\t\t\t\t\t\t<span class=\"elementor-button-content-wrapper\">\n\t\t\t\t\t\t\t\t\t<span class=\"elementor-button-text\">Buy Now<\/span>\n\t\t\t\t\t<\/span>\n\t\t\t\t\t<\/a>\n\t\t\t\t<\/div>\n\t\t\t\t\t\t\t\t<\/div>\n\t\t\t\t<\/div>\n\t\t\t\t<\/div>\n\t\t<div class=\"elementor-element elementor-element-cb0f974 e-con-full e-flex wpr-particle-no wpr-jarallax-no wpr-parallax-no wpr-sticky-section-no wpr-equal-height-no e-con e-child\" data-id=\"cb0f974\" data-element_type=\"container\" data-e-type=\"container\">\n\t\t\t\t<div class=\"elementor-element elementor-element-395198b elementor-widget elementor-widget-image\" data-id=\"395198b\" data-element_type=\"widget\" data-e-type=\"widget\" data-widget_type=\"image.default\">\n\t\t\t\t<div class=\"elementor-widget-container\">\n\t\t\t\t\t\t\t\t\t\t\t\t\t\t\t<img decoding=\"async\" width=\"768\" height=\"1024\" src=\"https:\/\/saunafab.ca\/wp-content\/uploads\/2024\/10\/douche-2-768x1024.jpg\" class=\"attachment-large size-large wp-image-1845\" alt=\"douche\" srcset=\"https:\/\/saunafab.ca\/wp-content\/uploads\/2024\/10\/douche-2-768x1024.jpg 768w, https:\/\/saunafab.ca\/wp-content\/uploads\/2024\/10\/douche-2-600x800.jpg 600w, https:\/\/saunafab.ca\/wp-content\/uploads\/2024\/10\/douche-2-225x300.jpg 225w, https:\/\/saunafab.ca\/wp-content\/uploads\/2024\/10\/douche-2-1152x1536.jpg 1152w, https:\/\/saunafab.ca\/wp-content\/uploads\/2024\/10\/douche-2.jpg 1536w\" sizes=\"(max-width: 768px) 100vw, 768px\" \/>\t\t\t\t\t\t\t\t\t\t\t\t\t\t\t<\/div>\n\t\t\t\t<\/div>\n\t\t\t\t<\/div>\n\t\t\t\t\t<\/div>\n\t\t\t\t<\/div>\n\t\t\t\t<\/div>","protected":false},"excerpt":{"rendered":"<p>Douches Accueil \/ Douches Un design pens\u00e9 pour le confort et l&rsquo;esth\u00e9tisme Avec une hauteur de 7 pieds et un diam\u00e8tre g\u00e9n\u00e9reux de 42 pouces, nos douches sont con\u00e7ues pour offrir un confort optimal, m\u00eame aux plus costauds d&rsquo;entre nous. Leur taille spacieuse vous permettra de profiter pleinement de chaque instant sous l&rsquo;eau, en plein air, tout en vous sentant libre et apais\u00e9. Le parfum d\u00e9licat du c\u00e8dre se diffuse subtilement \u00e0 chaque utilisation, transformant chaque douche en un v\u00e9ritable moment de bien-\u00eatre. Que vous choisissiez un mod\u00e8le avec un plafond ouvert, pour profiter du ciel \u00e9toil\u00e9 ou du chant des oiseaux, ou un mod\u00e8le avec un plafond ferm\u00e9 pour une intimit\u00e9 totale, nos douches s\u2019adaptent parfaitement \u00e0 votre espace ext\u00e9rieur. Elles deviennent ainsi non seulement un \u00e9l\u00e9ment fonctionnel, mais \u00e9galement un ajout esth\u00e9tique \u00e0 votre jardin ou terrasse. Achetez maintenant Un bijou d&rsquo;artisanat qu\u00e9b\u00e9cois Nos douches ext\u00e9rieures sont fi\u00e8rement fabriqu\u00e9es par des artisans locaux, alliant savoir-faire traditionnel et design moderne. Chaque pi\u00e8ce est soigneusement fa\u00e7onn\u00e9e, respectant la beaut\u00e9 naturelle du bois, et chaque d\u00e9tail est pens\u00e9 pour offrir une exp\u00e9rience sensorielle unique. Le c\u00e8dre, s\u00e9ch\u00e9 avec soin, est s\u00e9lectionn\u00e9 pour sa capacit\u00e9 \u00e0 r\u00e9sister \u00e0 l&rsquo;humidit\u00e9 et aux changements climatiques, garantissant ainsi une long\u00e9vit\u00e9 \u00e0 toute \u00e9preuve. \u00a0 Personnalisez votre exp\u00e9rience Parce que chaque espace ext\u00e9rieur est unique, nous vous offrons la possibilit\u00e9 de personnaliser votre douche selon vos envies. Vous pouvez choisir entre diff\u00e9rents styles de finitions et d&rsquo;accessoires pour qu&rsquo;elle s&rsquo;int\u00e8gre harmonieusement \u00e0 votre environnement. Il y a quelque chose de profond\u00e9ment apaisant \u00e0 prendre une douche en plein air, entour\u00e9 par la nature. Nos douches ext\u00e9rieures vous permettent de vous reconnecter \u00e0 cet environnement tout en profitant du confort et de l\u2019intimit\u00e9 de votre propre espace. Que ce soit apr\u00e8s une longue journ\u00e9e ou pour commencer votre matin\u00e9e en douceur, laissez-vous emporter par la simplicit\u00e9 et la beaut\u00e9 de l&rsquo;eau qui coule, en parfaite harmonie avec la nature qui vous entoure. Adoptez le charme intemporel de nos douches ext\u00e9rieures et faites de chaque instant un moment privil\u00e9gi\u00e9 de d\u00e9tente et de luxe naturel. Note : La plomberie est vendue s\u00e9par\u00e9ment pour vous permettre de choisir les installations qui correspondent le mieux \u00e0 vos besoins et \u00e0 votre budget. Achetez maintenant<\/p>","protected":false},"author":1,"featured_media":0,"parent":0,"menu_order":0,"comment_status":"closed","ping_status":"closed","template":"elementor_canvas","meta":{"footnotes":""},"class_list":["post-16","page","type-page","status-publish","hentry"],"yoast_head":"<!-- This site is optimized with the Yoast SEO plugin v27.4 - https:\/\/yoast.com\/product\/yoast-seo-wordpress\/ -->\n<title>Douches - SaunaFab - Saunas baril et bains froids<\/title>\n<meta name=\"description\" content=\"D\u00e9couvrez nos douches ext\u00e9rieures en bois fabriqu\u00e9s au Qu\u00e9bec avec des mat\u00e9riaux de premi\u00e8re qualit\u00e9. Livraison partout au Qu\u00e9bec\" \/>\n<meta name=\"robots\" content=\"index, follow, max-snippet:-1, max-image-preview:large, max-video-preview:-1\" \/>\n<link rel=\"canonical\" href=\"https:\/\/saunafab.ca\/en\/douches\/\" \/>\n<meta property=\"og:locale\" content=\"en_US\" \/>\n<meta property=\"og:type\" content=\"article\" \/>\n<meta property=\"og:title\" content=\"Douches - SaunaFab - Saunas baril et bains froids\" \/>\n<meta property=\"og:description\" content=\"D\u00e9couvrez nos douches ext\u00e9rieures en bois fabriqu\u00e9s au Qu\u00e9bec avec des mat\u00e9riaux de premi\u00e8re qualit\u00e9. Livraison partout au Qu\u00e9bec\" \/>\n<meta property=\"og:url\" content=\"https:\/\/saunafab.ca\/en\/douches\/\" \/>\n<meta property=\"og:site_name\" content=\"SaunaFab - Saunas baril et bains froids\" \/>\n<meta property=\"article:publisher\" content=\"https:\/\/www.facebook.com\/profile.php?id=61557895574503\" \/>\n<meta property=\"article:modified_time\" content=\"2024-11-11T17:50:43+00:00\" \/>\n<meta property=\"og:image\" content=\"https:\/\/saunafab.ca\/wp-content\/uploads\/2024\/10\/douche-3-1024x768.jpg\" \/>\n<meta name=\"twitter:card\" content=\"summary_large_image\" \/>\n<meta name=\"twitter:label1\" content=\"Est. reading time\" \/>\n\t<meta name=\"twitter:data1\" content=\"3 minutes\" \/>\n<script type=\"application\/ld+json\" class=\"yoast-schema-graph\">{\"@context\":\"https:\\\/\\\/schema.org\",\"@graph\":[{\"@type\":\"WebPage\",\"@id\":\"https:\\\/\\\/saunafab.ca\\\/douches\\\/\",\"url\":\"https:\\\/\\\/saunafab.ca\\\/douches\\\/\",\"name\":\"Douches - SaunaFab - Saunas baril et bains froids\",\"isPartOf\":{\"@id\":\"https:\\\/\\\/saunafab.ca\\\/en\\\/#website\"},\"primaryImageOfPage\":{\"@id\":\"https:\\\/\\\/saunafab.ca\\\/douches\\\/#primaryimage\"},\"image\":{\"@id\":\"https:\\\/\\\/saunafab.ca\\\/douches\\\/#primaryimage\"},\"thumbnailUrl\":\"https:\\\/\\\/saunafab.ca\\\/wp-content\\\/uploads\\\/2024\\\/10\\\/douche-3-1024x768.jpg\",\"datePublished\":\"2024-07-03T07:03:45+00:00\",\"dateModified\":\"2024-11-11T17:50:43+00:00\",\"description\":\"D\u00e9couvrez nos douches ext\u00e9rieures en bois fabriqu\u00e9s au Qu\u00e9bec avec des mat\u00e9riaux de premi\u00e8re qualit\u00e9. Livraison partout au Qu\u00e9bec\",\"breadcrumb\":{\"@id\":\"https:\\\/\\\/saunafab.ca\\\/douches\\\/#breadcrumb\"},\"inLanguage\":\"en-CA\",\"potentialAction\":[{\"@type\":\"ReadAction\",\"target\":[\"https:\\\/\\\/saunafab.ca\\\/douches\\\/\"]}]},{\"@type\":\"ImageObject\",\"inLanguage\":\"en-CA\",\"@id\":\"https:\\\/\\\/saunafab.ca\\\/douches\\\/#primaryimage\",\"url\":\"https:\\\/\\\/saunafab.ca\\\/wp-content\\\/uploads\\\/2024\\\/10\\\/douche-3-1024x768.jpg\",\"contentUrl\":\"https:\\\/\\\/saunafab.ca\\\/wp-content\\\/uploads\\\/2024\\\/10\\\/douche-3-1024x768.jpg\"},{\"@type\":\"BreadcrumbList\",\"@id\":\"https:\\\/\\\/saunafab.ca\\\/douches\\\/#breadcrumb\",\"itemListElement\":[{\"@type\":\"ListItem\",\"position\":1,\"name\":\"Accueil\",\"item\":\"https:\\\/\\\/saunafab.ca\\\/en\\\/\"},{\"@type\":\"ListItem\",\"position\":2,\"name\":\"Douches\"}]},{\"@type\":\"WebSite\",\"@id\":\"https:\\\/\\\/saunafab.ca\\\/en\\\/#website\",\"url\":\"https:\\\/\\\/saunafab.ca\\\/en\\\/\",\"name\":\"SaunaFab\",\"description\":\"Saunas baril et bains froids haut de gamme offerts au Qu&eacute;bec, pour une exp&eacute;rience de d&eacute;tente et de bien-&ecirc;tre incomparable.\",\"publisher\":{\"@id\":\"https:\\\/\\\/saunafab.ca\\\/en\\\/#organization\"},\"potentialAction\":[{\"@type\":\"SearchAction\",\"target\":{\"@type\":\"EntryPoint\",\"urlTemplate\":\"https:\\\/\\\/saunafab.ca\\\/en\\\/?s={search_term_string}\"},\"query-input\":{\"@type\":\"PropertyValueSpecification\",\"valueRequired\":true,\"valueName\":\"search_term_string\"}}],\"inLanguage\":\"en-CA\"},{\"@type\":\"Organization\",\"@id\":\"https:\\\/\\\/saunafab.ca\\\/en\\\/#organization\",\"name\":\"SaunaFab\",\"url\":\"https:\\\/\\\/saunafab.ca\\\/en\\\/\",\"logo\":{\"@type\":\"ImageObject\",\"inLanguage\":\"en-CA\",\"@id\":\"https:\\\/\\\/saunafab.ca\\\/en\\\/#\\\/schema\\\/logo\\\/image\\\/\",\"url\":\"https:\\\/\\\/saunafab.ca\\\/wp-content\\\/uploads\\\/2024\\\/07\\\/cropped-logo-saunafab.png\",\"contentUrl\":\"https:\\\/\\\/saunafab.ca\\\/wp-content\\\/uploads\\\/2024\\\/07\\\/cropped-logo-saunafab.png\",\"width\":512,\"height\":512,\"caption\":\"SaunaFab\"},\"image\":{\"@id\":\"https:\\\/\\\/saunafab.ca\\\/en\\\/#\\\/schema\\\/logo\\\/image\\\/\"},\"sameAs\":[\"https:\\\/\\\/www.facebook.com\\\/profile.php?id=61557895574503\"]}]}<\/script>\n<!-- \/ Yoast SEO plugin. -->","yoast_head_json":{"title":"Douches - SaunaFab - Saunas baril et bains froids","description":"D\u00e9couvrez nos douches ext\u00e9rieures en bois fabriqu\u00e9s au Qu\u00e9bec avec des mat\u00e9riaux de premi\u00e8re qualit\u00e9. Livraison partout au Qu\u00e9bec","robots":{"index":"index","follow":"follow","max-snippet":"max-snippet:-1","max-image-preview":"max-image-preview:large","max-video-preview":"max-video-preview:-1"},"canonical":"https:\/\/saunafab.ca\/en\/douches\/","og_locale":"en_US","og_type":"article","og_title":"Douches - SaunaFab - Saunas baril et bains froids","og_description":"D\u00e9couvrez nos douches ext\u00e9rieures en bois fabriqu\u00e9s au Qu\u00e9bec avec des mat\u00e9riaux de premi\u00e8re qualit\u00e9. Livraison partout au Qu\u00e9bec","og_url":"https:\/\/saunafab.ca\/en\/douches\/","og_site_name":"SaunaFab - Saunas baril et bains froids","article_publisher":"https:\/\/www.facebook.com\/profile.php?id=61557895574503","article_modified_time":"2024-11-11T17:50:43+00:00","og_image":[{"url":"https:\/\/saunafab.ca\/wp-content\/uploads\/2024\/10\/douche-3-1024x768.jpg","type":"","width":"","height":""}],"twitter_card":"summary_large_image","twitter_misc":{"Est. reading time":"3 minutes"},"schema":{"@context":"https:\/\/schema.org","@graph":[{"@type":"WebPage","@id":"https:\/\/saunafab.ca\/douches\/","url":"https:\/\/saunafab.ca\/douches\/","name":"Douches - SaunaFab - Saunas baril et bains froids","isPartOf":{"@id":"https:\/\/saunafab.ca\/en\/#website"},"primaryImageOfPage":{"@id":"https:\/\/saunafab.ca\/douches\/#primaryimage"},"image":{"@id":"https:\/\/saunafab.ca\/douches\/#primaryimage"},"thumbnailUrl":"https:\/\/saunafab.ca\/wp-content\/uploads\/2024\/10\/douche-3-1024x768.jpg","datePublished":"2024-07-03T07:03:45+00:00","dateModified":"2024-11-11T17:50:43+00:00","description":"D\u00e9couvrez nos douches ext\u00e9rieures en bois fabriqu\u00e9s au Qu\u00e9bec avec des mat\u00e9riaux de premi\u00e8re qualit\u00e9. Livraison partout au Qu\u00e9bec","breadcrumb":{"@id":"https:\/\/saunafab.ca\/douches\/#breadcrumb"},"inLanguage":"en-CA","potentialAction":[{"@type":"ReadAction","target":["https:\/\/saunafab.ca\/douches\/"]}]},{"@type":"ImageObject","inLanguage":"en-CA","@id":"https:\/\/saunafab.ca\/douches\/#primaryimage","url":"https:\/\/saunafab.ca\/wp-content\/uploads\/2024\/10\/douche-3-1024x768.jpg","contentUrl":"https:\/\/saunafab.ca\/wp-content\/uploads\/2024\/10\/douche-3-1024x768.jpg"},{"@type":"BreadcrumbList","@id":"https:\/\/saunafab.ca\/douches\/#breadcrumb","itemListElement":[{"@type":"ListItem","position":1,"name":"Accueil","item":"https:\/\/saunafab.ca\/en\/"},{"@type":"ListItem","position":2,"name":"Douches"}]},{"@type":"WebSite","@id":"https:\/\/saunafab.ca\/en\/#website","url":"https:\/\/saunafab.ca\/en\/","name":"SaunaFab","description":"Saunas baril et bains froids haut de gamme offerts au Qu&eacute;bec, pour une exp&eacute;rience de d&eacute;tente et de bien-&ecirc;tre incomparable.","publisher":{"@id":"https:\/\/saunafab.ca\/en\/#organization"},"potentialAction":[{"@type":"SearchAction","target":{"@type":"EntryPoint","urlTemplate":"https:\/\/saunafab.ca\/en\/?s={search_term_string}"},"query-input":{"@type":"PropertyValueSpecification","valueRequired":true,"valueName":"search_term_string"}}],"inLanguage":"en-CA"},{"@type":"Organization","@id":"https:\/\/saunafab.ca\/en\/#organization","name":"SaunaFab","url":"https:\/\/saunafab.ca\/en\/","logo":{"@type":"ImageObject","inLanguage":"en-CA","@id":"https:\/\/saunafab.ca\/en\/#\/schema\/logo\/image\/","url":"https:\/\/saunafab.ca\/wp-content\/uploads\/2024\/07\/cropped-logo-saunafab.png","contentUrl":"https:\/\/saunafab.ca\/wp-content\/uploads\/2024\/07\/cropped-logo-saunafab.png","width":512,"height":512,"caption":"SaunaFab"},"image":{"@id":"https:\/\/saunafab.ca\/en\/#\/schema\/logo\/image\/"},"sameAs":["https:\/\/www.facebook.com\/profile.php?id=61557895574503"]}]}},"_hostinger_reach_plugin_has_subscription_block":false,"_hostinger_reach_plugin_is_elementor":false,"acf":[],"_links":{"self":[{"href":"https:\/\/saunafab.ca\/en\/wp-json\/wp\/v2\/pages\/16","targetHints":{"allow":["GET"]}}],"collection":[{"href":"https:\/\/saunafab.ca\/en\/wp-json\/wp\/v2\/pages"}],"about":[{"href":"https:\/\/saunafab.ca\/en\/wp-json\/wp\/v2\/types\/page"}],"author":[{"embeddable":true,"href":"https:\/\/saunafab.ca\/en\/wp-json\/wp\/v2\/users\/1"}],"replies":[{"embeddable":true,"href":"https:\/\/saunafab.ca\/en\/wp-json\/wp\/v2\/comments?post=16"}],"version-history":[{"count":22,"href":"https:\/\/saunafab.ca\/en\/wp-json\/wp\/v2\/pages\/16\/revisions"}],"predecessor-version":[{"id":2542,"href":"https:\/\/saunafab.ca\/en\/wp-json\/wp\/v2\/pages\/16\/revisions\/2542"}],"wp:attachment":[{"href":"https:\/\/saunafab.ca\/en\/wp-json\/wp\/v2\/media?parent=16"}],"curies":[{"name":"wp","href":"https:\/\/api.w.org\/{rel}","templated":true}]}}