{"id":2347,"date":"2024-10-10T16:59:07","date_gmt":"2024-10-10T16:59:07","guid":{"rendered":"https:\/\/saunafab.ca\/?post_type=product&#038;p=2347"},"modified":"2024-10-21T16:03:33","modified_gmt":"2024-10-21T16:03:33","slug":"douche","status":"publish","type":"product","link":"https:\/\/saunafab.ca\/en\/product\/douche\/","title":{"rendered":"Shower"},"content":{"rendered":"<p>With a height of\u00a0<strong>7 feet<\/strong>\u00a0and a generous diameter of\u00a0<strong>42 inches<\/strong>, nos douches sont con\u00e7ues pour offrir un confort optimal, m\u00eame aux plus costauds d\u2019entre nous. Leur taille spacieuse vous permettra de profiter pleinement de chaque instant sous l\u2019eau, en plein air, tout en vous sentant libre et apais\u00e9. Le parfum d\u00e9licat du c\u00e8dre se diffuse subtilement \u00e0 chaque utilisation, transformant chaque douche en un v\u00e9ritable moment de bien-\u00eatre.<\/p>\n<p>Whether you choose a model with a\u00a0<strong>open ceiling<\/strong>, to enjoy the starry sky or the birdsong, or a model with a\u00a0<strong>closed ceiling<\/strong>\u00a0for complete privacy, our showers adapt perfectly to your outdoor space. They thus become not only a functional element but also an aesthetic addition to your garden or terrace.<\/p>","protected":false},"excerpt":{"rendered":"<p>Avec une hauteur de\u00a07 pieds\u00a0et un diam\u00e8tre g\u00e9n\u00e9reux de\u00a042 pouces, nos douches sont con\u00e7ues pour offrir un confort optimal, m\u00eame aux plus costauds d\u2019entre nous. Leur taille spacieuse vous permettra de profiter pleinement de chaque instant sous l\u2019eau, en plein air, tout en vous sentant libre et apais\u00e9. Le parfum d\u00e9licat du c\u00e8dre se diffuse subtilement \u00e0 chaque utilisation, transformant chaque douche en un v\u00e9ritable moment de bien-\u00eatre. Que vous choisissiez un mod\u00e8le avec un\u00a0plafond ouvert, pour profiter du ciel \u00e9toil\u00e9 ou du chant des oiseaux, ou un mod\u00e8le avec un\u00a0plafond ferm\u00e9\u00a0pour une intimit\u00e9 totale, nos douches s\u2019adaptent parfaitement \u00e0 votre espace ext\u00e9rieur. Elles deviennent ainsi non seulement un \u00e9l\u00e9ment fonctionnel, mais \u00e9galement un ajout esth\u00e9tique \u00e0 votre jardin ou terrasse.<\/p>","protected":false},"featured_media":1844,"comment_status":"open","ping_status":"closed","template":"","meta":[],"product_brand":[],"product_cat":[59,81],"product_tag":[],"class_list":{"0":"post-2347","1":"product","2":"type-product","3":"status-publish","4":"has-post-thumbnail","6":"product_cat-accessoires","7":"product_cat-douche","9":"first","10":"instock","11":"taxable","12":"shipping-taxable","13":"purchasable","14":"product-type-simple"},"yoast_head":"<!-- This site is optimized with the Yoast SEO plugin v27.4 - https:\/\/yoast.com\/product\/yoast-seo-wordpress\/ -->\n<title>Douche - SaunaFab - Saunas baril et bains froids<\/title>\n<meta name=\"robots\" content=\"index, follow, max-snippet:-1, max-image-preview:large, max-video-preview:-1\" \/>\n<link rel=\"canonical\" href=\"https:\/\/saunafab.ca\/en\/product\/douche\/\" \/>\n<meta property=\"og:locale\" content=\"en_US\" \/>\n<meta property=\"og:type\" content=\"article\" \/>\n<meta property=\"og:title\" content=\"Douche - SaunaFab - Saunas baril et bains froids\" \/>\n<meta property=\"og:description\" content=\"Avec une hauteur de\u00a07 pieds\u00a0et un diam\u00e8tre g\u00e9n\u00e9reux de\u00a042 pouces, nos douches sont con\u00e7ues pour offrir un confort optimal, m\u00eame aux plus costauds d\u2019entre nous. Leur taille spacieuse vous permettra de profiter pleinement de chaque instant sous l\u2019eau, en plein air, tout en vous sentant libre et apais\u00e9. Le parfum d\u00e9licat du c\u00e8dre se diffuse subtilement \u00e0 chaque utilisation, transformant chaque douche en un v\u00e9ritable moment de bien-\u00eatre. Que vous choisissiez un mod\u00e8le avec un\u00a0plafond ouvert, pour profiter du ciel \u00e9toil\u00e9 ou du chant des oiseaux, ou un mod\u00e8le avec un\u00a0plafond ferm\u00e9\u00a0pour une intimit\u00e9 totale, nos douches s\u2019adaptent parfaitement \u00e0 votre espace ext\u00e9rieur. Elles deviennent ainsi non seulement un \u00e9l\u00e9ment fonctionnel, mais \u00e9galement un ajout esth\u00e9tique \u00e0 votre jardin ou terrasse.\" \/>\n<meta property=\"og:url\" content=\"https:\/\/saunafab.ca\/en\/product\/douche\/\" \/>\n<meta property=\"og:site_name\" content=\"SaunaFab - Saunas baril et bains froids\" \/>\n<meta property=\"article:publisher\" content=\"https:\/\/www.facebook.com\/profile.php?id=61557895574503\" \/>\n<meta property=\"article:modified_time\" content=\"2024-10-21T16:03:33+00:00\" \/>\n<meta property=\"og:image\" content=\"https:\/\/saunafab.ca\/wp-content\/uploads\/2024\/10\/douche-1.jpg\" \/>\n\t<meta property=\"og:image:width\" content=\"1536\" \/>\n\t<meta property=\"og:image:height\" content=\"2048\" \/>\n\t<meta property=\"og:image:type\" content=\"image\/jpeg\" \/>\n<meta name=\"twitter:card\" content=\"summary_large_image\" \/>\n<meta name=\"twitter:label1\" content=\"Est. reading time\" \/>\n\t<meta name=\"twitter:data1\" content=\"1 minute\" \/>\n<script type=\"application\/ld+json\" class=\"yoast-schema-graph\">{\"@context\":\"https:\\\/\\\/schema.org\",\"@graph\":[{\"@type\":\"WebPage\",\"@id\":\"https:\\\/\\\/saunafab.ca\\\/product\\\/douche\\\/\",\"url\":\"https:\\\/\\\/saunafab.ca\\\/product\\\/douche\\\/\",\"name\":\"Douche - SaunaFab - Saunas baril et bains froids\",\"isPartOf\":{\"@id\":\"https:\\\/\\\/saunafab.ca\\\/en\\\/#website\"},\"primaryImageOfPage\":{\"@id\":\"https:\\\/\\\/saunafab.ca\\\/product\\\/douche\\\/#primaryimage\"},\"image\":{\"@id\":\"https:\\\/\\\/saunafab.ca\\\/product\\\/douche\\\/#primaryimage\"},\"thumbnailUrl\":\"https:\\\/\\\/saunafab.ca\\\/wp-content\\\/uploads\\\/2024\\\/10\\\/douche-1.jpg\",\"datePublished\":\"2024-10-10T16:59:07+00:00\",\"dateModified\":\"2024-10-21T16:03:33+00:00\",\"breadcrumb\":{\"@id\":\"https:\\\/\\\/saunafab.ca\\\/product\\\/douche\\\/#breadcrumb\"},\"inLanguage\":\"en-CA\",\"potentialAction\":[{\"@type\":\"ReadAction\",\"target\":[\"https:\\\/\\\/saunafab.ca\\\/product\\\/douche\\\/\"]}]},{\"@type\":\"ImageObject\",\"inLanguage\":\"en-CA\",\"@id\":\"https:\\\/\\\/saunafab.ca\\\/product\\\/douche\\\/#primaryimage\",\"url\":\"https:\\\/\\\/saunafab.ca\\\/wp-content\\\/uploads\\\/2024\\\/10\\\/douche-1.jpg\",\"contentUrl\":\"https:\\\/\\\/saunafab.ca\\\/wp-content\\\/uploads\\\/2024\\\/10\\\/douche-1.jpg\",\"width\":1536,\"height\":2048,\"caption\":\"douche\"},{\"@type\":\"BreadcrumbList\",\"@id\":\"https:\\\/\\\/saunafab.ca\\\/product\\\/douche\\\/#breadcrumb\",\"itemListElement\":[{\"@type\":\"ListItem\",\"position\":1,\"name\":\"Accueil\",\"item\":\"https:\\\/\\\/saunafab.ca\\\/en\\\/\"},{\"@type\":\"ListItem\",\"position\":2,\"name\":\"Shop\",\"item\":\"https:\\\/\\\/saunafab.ca\\\/en\\\/boutique\\\/\"},{\"@type\":\"ListItem\",\"position\":3,\"name\":\"Douche\"}]},{\"@type\":\"WebSite\",\"@id\":\"https:\\\/\\\/saunafab.ca\\\/en\\\/#website\",\"url\":\"https:\\\/\\\/saunafab.ca\\\/en\\\/\",\"name\":\"SaunaFab\",\"description\":\"Saunas baril et bains froids haut de gamme offerts au Qu&eacute;bec, pour une exp&eacute;rience de d&eacute;tente et de bien-&ecirc;tre incomparable.\",\"publisher\":{\"@id\":\"https:\\\/\\\/saunafab.ca\\\/en\\\/#organization\"},\"potentialAction\":[{\"@type\":\"SearchAction\",\"target\":{\"@type\":\"EntryPoint\",\"urlTemplate\":\"https:\\\/\\\/saunafab.ca\\\/en\\\/?s={search_term_string}\"},\"query-input\":{\"@type\":\"PropertyValueSpecification\",\"valueRequired\":true,\"valueName\":\"search_term_string\"}}],\"inLanguage\":\"en-CA\"},{\"@type\":\"Organization\",\"@id\":\"https:\\\/\\\/saunafab.ca\\\/en\\\/#organization\",\"name\":\"SaunaFab\",\"url\":\"https:\\\/\\\/saunafab.ca\\\/en\\\/\",\"logo\":{\"@type\":\"ImageObject\",\"inLanguage\":\"en-CA\",\"@id\":\"https:\\\/\\\/saunafab.ca\\\/en\\\/#\\\/schema\\\/logo\\\/image\\\/\",\"url\":\"https:\\\/\\\/saunafab.ca\\\/wp-content\\\/uploads\\\/2024\\\/07\\\/cropped-logo-saunafab.png\",\"contentUrl\":\"https:\\\/\\\/saunafab.ca\\\/wp-content\\\/uploads\\\/2024\\\/07\\\/cropped-logo-saunafab.png\",\"width\":512,\"height\":512,\"caption\":\"SaunaFab\"},\"image\":{\"@id\":\"https:\\\/\\\/saunafab.ca\\\/en\\\/#\\\/schema\\\/logo\\\/image\\\/\"},\"sameAs\":[\"https:\\\/\\\/www.facebook.com\\\/profile.php?id=61557895574503\"]}]}<\/script>\n<!-- \/ Yoast SEO plugin. -->","yoast_head_json":{"title":"Douche - SaunaFab - Saunas baril et bains froids","robots":{"index":"index","follow":"follow","max-snippet":"max-snippet:-1","max-image-preview":"max-image-preview:large","max-video-preview":"max-video-preview:-1"},"canonical":"https:\/\/saunafab.ca\/en\/product\/douche\/","og_locale":"en_US","og_type":"article","og_title":"Douche - SaunaFab - Saunas baril et bains froids","og_description":"Avec une hauteur de\u00a07 pieds\u00a0et un diam\u00e8tre g\u00e9n\u00e9reux de\u00a042 pouces, nos douches sont con\u00e7ues pour offrir un confort optimal, m\u00eame aux plus costauds d\u2019entre nous. Leur taille spacieuse vous permettra de profiter pleinement de chaque instant sous l\u2019eau, en plein air, tout en vous sentant libre et apais\u00e9. Le parfum d\u00e9licat du c\u00e8dre se diffuse subtilement \u00e0 chaque utilisation, transformant chaque douche en un v\u00e9ritable moment de bien-\u00eatre. Que vous choisissiez un mod\u00e8le avec un\u00a0plafond ouvert, pour profiter du ciel \u00e9toil\u00e9 ou du chant des oiseaux, ou un mod\u00e8le avec un\u00a0plafond ferm\u00e9\u00a0pour une intimit\u00e9 totale, nos douches s\u2019adaptent parfaitement \u00e0 votre espace ext\u00e9rieur. Elles deviennent ainsi non seulement un \u00e9l\u00e9ment fonctionnel, mais \u00e9galement un ajout esth\u00e9tique \u00e0 votre jardin ou terrasse.","og_url":"https:\/\/saunafab.ca\/en\/product\/douche\/","og_site_name":"SaunaFab - Saunas baril et bains froids","article_publisher":"https:\/\/www.facebook.com\/profile.php?id=61557895574503","article_modified_time":"2024-10-21T16:03:33+00:00","og_image":[{"width":1536,"height":2048,"url":"https:\/\/saunafab.ca\/wp-content\/uploads\/2024\/10\/douche-1.jpg","type":"image\/jpeg"}],"twitter_card":"summary_large_image","twitter_misc":{"Est. reading time":"1 minute"},"schema":{"@context":"https:\/\/schema.org","@graph":[{"@type":"WebPage","@id":"https:\/\/saunafab.ca\/product\/douche\/","url":"https:\/\/saunafab.ca\/product\/douche\/","name":"Douche - SaunaFab - Saunas baril et bains froids","isPartOf":{"@id":"https:\/\/saunafab.ca\/en\/#website"},"primaryImageOfPage":{"@id":"https:\/\/saunafab.ca\/product\/douche\/#primaryimage"},"image":{"@id":"https:\/\/saunafab.ca\/product\/douche\/#primaryimage"},"thumbnailUrl":"https:\/\/saunafab.ca\/wp-content\/uploads\/2024\/10\/douche-1.jpg","datePublished":"2024-10-10T16:59:07+00:00","dateModified":"2024-10-21T16:03:33+00:00","breadcrumb":{"@id":"https:\/\/saunafab.ca\/product\/douche\/#breadcrumb"},"inLanguage":"en-CA","potentialAction":[{"@type":"ReadAction","target":["https:\/\/saunafab.ca\/product\/douche\/"]}]},{"@type":"ImageObject","inLanguage":"en-CA","@id":"https:\/\/saunafab.ca\/product\/douche\/#primaryimage","url":"https:\/\/saunafab.ca\/wp-content\/uploads\/2024\/10\/douche-1.jpg","contentUrl":"https:\/\/saunafab.ca\/wp-content\/uploads\/2024\/10\/douche-1.jpg","width":1536,"height":2048,"caption":"douche"},{"@type":"BreadcrumbList","@id":"https:\/\/saunafab.ca\/product\/douche\/#breadcrumb","itemListElement":[{"@type":"ListItem","position":1,"name":"Accueil","item":"https:\/\/saunafab.ca\/en\/"},{"@type":"ListItem","position":2,"name":"Shop","item":"https:\/\/saunafab.ca\/en\/boutique\/"},{"@type":"ListItem","position":3,"name":"Douche"}]},{"@type":"WebSite","@id":"https:\/\/saunafab.ca\/en\/#website","url":"https:\/\/saunafab.ca\/en\/","name":"SaunaFab","description":"Saunas baril et bains froids haut de gamme offerts au Qu&eacute;bec, pour une exp&eacute;rience de d&eacute;tente et de bien-&ecirc;tre incomparable.","publisher":{"@id":"https:\/\/saunafab.ca\/en\/#organization"},"potentialAction":[{"@type":"SearchAction","target":{"@type":"EntryPoint","urlTemplate":"https:\/\/saunafab.ca\/en\/?s={search_term_string}"},"query-input":{"@type":"PropertyValueSpecification","valueRequired":true,"valueName":"search_term_string"}}],"inLanguage":"en-CA"},{"@type":"Organization","@id":"https:\/\/saunafab.ca\/en\/#organization","name":"SaunaFab","url":"https:\/\/saunafab.ca\/en\/","logo":{"@type":"ImageObject","inLanguage":"en-CA","@id":"https:\/\/saunafab.ca\/en\/#\/schema\/logo\/image\/","url":"https:\/\/saunafab.ca\/wp-content\/uploads\/2024\/07\/cropped-logo-saunafab.png","contentUrl":"https:\/\/saunafab.ca\/wp-content\/uploads\/2024\/07\/cropped-logo-saunafab.png","width":512,"height":512,"caption":"SaunaFab"},"image":{"@id":"https:\/\/saunafab.ca\/en\/#\/schema\/logo\/image\/"},"sameAs":["https:\/\/www.facebook.com\/profile.php?id=61557895574503"]}]}},"acf":[],"wcpa_form_fields":null,"_links":{"self":[{"href":"https:\/\/saunafab.ca\/en\/wp-json\/wp\/v2\/product\/2347","targetHints":{"allow":["GET"]}}],"collection":[{"href":"https:\/\/saunafab.ca\/en\/wp-json\/wp\/v2\/product"}],"about":[{"href":"https:\/\/saunafab.ca\/en\/wp-json\/wp\/v2\/types\/product"}],"replies":[{"embeddable":true,"href":"https:\/\/saunafab.ca\/en\/wp-json\/wp\/v2\/comments?post=2347"}],"wp:featuredmedia":[{"embeddable":true,"href":"https:\/\/saunafab.ca\/en\/wp-json\/wp\/v2\/media\/1844"}],"wp:attachment":[{"href":"https:\/\/saunafab.ca\/en\/wp-json\/wp\/v2\/media?parent=2347"}],"wp:term":[{"taxonomy":"product_brand","embeddable":true,"href":"https:\/\/saunafab.ca\/en\/wp-json\/wp\/v2\/product_brand?post=2347"},{"taxonomy":"product_cat","embeddable":true,"href":"https:\/\/saunafab.ca\/en\/wp-json\/wp\/v2\/product_cat?post=2347"},{"taxonomy":"product_tag","embeddable":true,"href":"https:\/\/saunafab.ca\/en\/wp-json\/wp\/v2\/product_tag?post=2347"}],"curies":[{"name":"wp","href":"https:\/\/api.w.org\/{rel}","templated":true}]}}