{"id":2349,"date":"2024-10-10T17:02:57","date_gmt":"2024-10-10T17:02:57","guid":{"rendered":"https:\/\/saunafab.ca\/?post_type=product&#038;p=2349"},"modified":"2026-01-12T14:05:32","modified_gmt":"2026-01-12T19:05:32","slug":"bain-froid","status":"publish","type":"product","link":"https:\/\/saunafab.ca\/en\/product\/bain-froid\/","title":{"rendered":"Cold bath"},"content":{"rendered":"<p>La temp\u00e9rature id\u00e9ale pour un bain froid se situe g\u00e9n\u00e9ralement entre 10\u00b0C et 15\u00b0C, mais il est important de l&rsquo;ajuster en fonction de votre exp\u00e9rience et de la saison. Si vous \u00eates nouveau dans la pratique des bains froids, commencez avec une temp\u00e9rature plus \u00e9lev\u00e9e et limitez le temps d&rsquo;immersion, puis augmentez progressivement l&rsquo;intensit\u00e9 au fil du temps.<\/p>\n<p>Voici un guide simple pour la dur\u00e9e d&rsquo;immersion en fonction de la temp\u00e9rature de l&rsquo;eau :<\/p>\n<ul>\n<li><strong>1\u00b0C<\/strong> : 1 minute d&rsquo;immersion<\/li>\n<li><strong>2\u00b0C<\/strong> : 2 minutes d&rsquo;immersion<\/li>\n<li><strong>3\u00b0C<\/strong> : 3 minutes d&rsquo;immersion<\/li>\n<li><strong>5\u00b0C<\/strong> : 5 minutes d&rsquo;immersion<\/li>\n<li><strong>10\u00b0C<\/strong> : 10 minutes d&rsquo;immersion<\/li>\n<li><strong>15\u00b0C<\/strong> : 15 minutes d&rsquo;immersion<\/li>\n<\/ul>\n<p>Il est essentiel de se sentir revigor\u00e9 sans \u00eatre inconfortable. Si vous ressentez des frissons, de l&rsquo;engourdissement ou tout autre signe d&rsquo;hypothermie, sortez imm\u00e9diatement de l&rsquo;eau et r\u00e9chauffez-vous.<\/p>","protected":false},"excerpt":{"rendered":"<p>La temp\u00e9rature id\u00e9ale pour un bain froid se situe g\u00e9n\u00e9ralement entre 10\u00b0C et 15\u00b0C, mais il est important de l&rsquo;ajuster en fonction de votre exp\u00e9rience et de la saison. Si vous \u00eates nouveau dans la pratique des bains froids, commencez avec une temp\u00e9rature plus \u00e9lev\u00e9e et limitez le temps d&rsquo;immersion, puis augmentez progressivement l&rsquo;intensit\u00e9 au fil du temps. Voici un guide simple pour la dur\u00e9e d&rsquo;immersion en fonction de la temp\u00e9rature de l&rsquo;eau : 1\u00b0C : 1 minute d&rsquo;immersion 2\u00b0C : 2 minutes d&rsquo;immersion 3\u00b0C : 3 minutes d&rsquo;immersion 5\u00b0C : 5 minutes d&rsquo;immersion 10\u00b0C : 10 minutes d&rsquo;immersion 15\u00b0C : 15 minutes d&rsquo;immersion Il est essentiel de se sentir revigor\u00e9 sans \u00eatre inconfortable. Si vous ressentez des frissons, de l&rsquo;engourdissement ou tout autre signe d&rsquo;hypothermie, sortez imm\u00e9diatement de l&rsquo;eau et r\u00e9chauffez-vous.<\/p>","protected":false},"featured_media":2850,"comment_status":"open","ping_status":"closed","template":"","meta":[],"product_brand":[],"product_cat":[59,82],"product_tag":[],"class_list":{"0":"post-2349","1":"product","2":"type-product","3":"status-publish","4":"has-post-thumbnail","6":"product_cat-accessoires","7":"product_cat-bain-froid","9":"first","10":"instock","11":"taxable","12":"shipping-taxable","13":"purchasable","14":"product-type-simple"},"yoast_head":"<!-- This site is optimized with the Yoast SEO plugin v27.4 - https:\/\/yoast.com\/product\/yoast-seo-wordpress\/ -->\n<title>Bain froid - SaunaFab - Saunas baril et bains froids<\/title>\n<meta name=\"robots\" content=\"index, follow, max-snippet:-1, max-image-preview:large, max-video-preview:-1\" \/>\n<link rel=\"canonical\" href=\"https:\/\/saunafab.ca\/en\/product\/bain-froid\/\" \/>\n<meta property=\"og:locale\" content=\"en_US\" \/>\n<meta property=\"og:type\" content=\"article\" \/>\n<meta property=\"og:title\" content=\"Bain froid - SaunaFab - Saunas baril et bains froids\" \/>\n<meta property=\"og:description\" content=\"La temp\u00e9rature id\u00e9ale pour un bain froid se situe g\u00e9n\u00e9ralement entre 10\u00b0C et 15\u00b0C, mais il est important de l&rsquo;ajuster en fonction de votre exp\u00e9rience et de la saison. Si vous \u00eates nouveau dans la pratique des bains froids, commencez avec une temp\u00e9rature plus \u00e9lev\u00e9e et limitez le temps d&rsquo;immersion, puis augmentez progressivement l&rsquo;intensit\u00e9 au fil du temps. Voici un guide simple pour la dur\u00e9e d&rsquo;immersion en fonction de la temp\u00e9rature de l&rsquo;eau : 1\u00b0C : 1 minute d&rsquo;immersion 2\u00b0C : 2 minutes d&rsquo;immersion 3\u00b0C : 3 minutes d&rsquo;immersion 5\u00b0C : 5 minutes d&rsquo;immersion 10\u00b0C : 10 minutes d&rsquo;immersion 15\u00b0C : 15 minutes d&rsquo;immersion Il est essentiel de se sentir revigor\u00e9 sans \u00eatre inconfortable. Si vous ressentez des frissons, de l&rsquo;engourdissement ou tout autre signe d&rsquo;hypothermie, sortez imm\u00e9diatement de l&rsquo;eau et r\u00e9chauffez-vous.\" \/>\n<meta property=\"og:url\" content=\"https:\/\/saunafab.ca\/en\/product\/bain-froid\/\" \/>\n<meta property=\"og:site_name\" content=\"SaunaFab - Saunas baril et bains froids\" \/>\n<meta property=\"article:publisher\" content=\"https:\/\/www.facebook.com\/profile.php?id=61557895574503\" \/>\n<meta property=\"article:modified_time\" content=\"2026-01-12T19:05:32+00:00\" \/>\n<meta property=\"og:image\" content=\"https:\/\/saunafab.ca\/wp-content\/uploads\/2024\/10\/IMG_8277-scaled.jpeg\" \/>\n\t<meta property=\"og:image:width\" content=\"2560\" \/>\n\t<meta property=\"og:image:height\" content=\"1920\" \/>\n\t<meta property=\"og:image:type\" content=\"image\/jpeg\" \/>\n<meta name=\"twitter:card\" content=\"summary_large_image\" \/>\n<meta name=\"twitter:label1\" content=\"Est. reading time\" \/>\n\t<meta name=\"twitter:data1\" content=\"1 minute\" \/>\n<script type=\"application\/ld+json\" class=\"yoast-schema-graph\">{\"@context\":\"https:\\\/\\\/schema.org\",\"@graph\":[{\"@type\":\"WebPage\",\"@id\":\"https:\\\/\\\/saunafab.ca\\\/en\\\/product\\\/bain-froid\\\/\",\"url\":\"https:\\\/\\\/saunafab.ca\\\/en\\\/product\\\/bain-froid\\\/\",\"name\":\"Bain froid - SaunaFab - Saunas baril et bains froids\",\"isPartOf\":{\"@id\":\"https:\\\/\\\/saunafab.ca\\\/en\\\/#website\"},\"primaryImageOfPage\":{\"@id\":\"https:\\\/\\\/saunafab.ca\\\/en\\\/product\\\/bain-froid\\\/#primaryimage\"},\"image\":{\"@id\":\"https:\\\/\\\/saunafab.ca\\\/en\\\/product\\\/bain-froid\\\/#primaryimage\"},\"thumbnailUrl\":\"https:\\\/\\\/saunafab.ca\\\/wp-content\\\/uploads\\\/2024\\\/10\\\/IMG_8277-scaled.jpeg\",\"datePublished\":\"2024-10-10T17:02:57+00:00\",\"dateModified\":\"2026-01-12T19:05:32+00:00\",\"breadcrumb\":{\"@id\":\"https:\\\/\\\/saunafab.ca\\\/en\\\/product\\\/bain-froid\\\/#breadcrumb\"},\"inLanguage\":\"en-CA\",\"potentialAction\":[{\"@type\":\"ReadAction\",\"target\":[\"https:\\\/\\\/saunafab.ca\\\/en\\\/product\\\/bain-froid\\\/\"]}]},{\"@type\":\"ImageObject\",\"inLanguage\":\"en-CA\",\"@id\":\"https:\\\/\\\/saunafab.ca\\\/en\\\/product\\\/bain-froid\\\/#primaryimage\",\"url\":\"https:\\\/\\\/saunafab.ca\\\/wp-content\\\/uploads\\\/2024\\\/10\\\/IMG_8277-scaled.jpeg\",\"contentUrl\":\"https:\\\/\\\/saunafab.ca\\\/wp-content\\\/uploads\\\/2024\\\/10\\\/IMG_8277-scaled.jpeg\",\"width\":2560,\"height\":1920},{\"@type\":\"BreadcrumbList\",\"@id\":\"https:\\\/\\\/saunafab.ca\\\/en\\\/product\\\/bain-froid\\\/#breadcrumb\",\"itemListElement\":[{\"@type\":\"ListItem\",\"position\":1,\"name\":\"Accueil\",\"item\":\"https:\\\/\\\/saunafab.ca\\\/en\\\/\"},{\"@type\":\"ListItem\",\"position\":2,\"name\":\"Shop\",\"item\":\"https:\\\/\\\/saunafab.ca\\\/en\\\/boutique\\\/\"},{\"@type\":\"ListItem\",\"position\":3,\"name\":\"Bain froid\"}]},{\"@type\":\"WebSite\",\"@id\":\"https:\\\/\\\/saunafab.ca\\\/en\\\/#website\",\"url\":\"https:\\\/\\\/saunafab.ca\\\/en\\\/\",\"name\":\"SaunaFab\",\"description\":\"Saunas baril et bains froids haut de gamme offerts au Qu&eacute;bec, pour une exp&eacute;rience de d&eacute;tente et de bien-&ecirc;tre incomparable.\",\"publisher\":{\"@id\":\"https:\\\/\\\/saunafab.ca\\\/en\\\/#organization\"},\"potentialAction\":[{\"@type\":\"SearchAction\",\"target\":{\"@type\":\"EntryPoint\",\"urlTemplate\":\"https:\\\/\\\/saunafab.ca\\\/en\\\/?s={search_term_string}\"},\"query-input\":{\"@type\":\"PropertyValueSpecification\",\"valueRequired\":true,\"valueName\":\"search_term_string\"}}],\"inLanguage\":\"en-CA\"},{\"@type\":\"Organization\",\"@id\":\"https:\\\/\\\/saunafab.ca\\\/en\\\/#organization\",\"name\":\"SaunaFab\",\"url\":\"https:\\\/\\\/saunafab.ca\\\/en\\\/\",\"logo\":{\"@type\":\"ImageObject\",\"inLanguage\":\"en-CA\",\"@id\":\"https:\\\/\\\/saunafab.ca\\\/en\\\/#\\\/schema\\\/logo\\\/image\\\/\",\"url\":\"https:\\\/\\\/saunafab.ca\\\/wp-content\\\/uploads\\\/2024\\\/07\\\/cropped-logo-saunafab.png\",\"contentUrl\":\"https:\\\/\\\/saunafab.ca\\\/wp-content\\\/uploads\\\/2024\\\/07\\\/cropped-logo-saunafab.png\",\"width\":512,\"height\":512,\"caption\":\"SaunaFab\"},\"image\":{\"@id\":\"https:\\\/\\\/saunafab.ca\\\/en\\\/#\\\/schema\\\/logo\\\/image\\\/\"},\"sameAs\":[\"https:\\\/\\\/www.facebook.com\\\/profile.php?id=61557895574503\"]}]}<\/script>\n<!-- \/ Yoast SEO plugin. -->","yoast_head_json":{"title":"Bain froid - SaunaFab - Saunas baril et bains froids","robots":{"index":"index","follow":"follow","max-snippet":"max-snippet:-1","max-image-preview":"max-image-preview:large","max-video-preview":"max-video-preview:-1"},"canonical":"https:\/\/saunafab.ca\/en\/product\/bain-froid\/","og_locale":"en_US","og_type":"article","og_title":"Bain froid - SaunaFab - Saunas baril et bains froids","og_description":"La temp\u00e9rature id\u00e9ale pour un bain froid se situe g\u00e9n\u00e9ralement entre 10\u00b0C et 15\u00b0C, mais il est important de l&rsquo;ajuster en fonction de votre exp\u00e9rience et de la saison. Si vous \u00eates nouveau dans la pratique des bains froids, commencez avec une temp\u00e9rature plus \u00e9lev\u00e9e et limitez le temps d&rsquo;immersion, puis augmentez progressivement l&rsquo;intensit\u00e9 au fil du temps. Voici un guide simple pour la dur\u00e9e d&rsquo;immersion en fonction de la temp\u00e9rature de l&rsquo;eau : 1\u00b0C : 1 minute d&rsquo;immersion 2\u00b0C : 2 minutes d&rsquo;immersion 3\u00b0C : 3 minutes d&rsquo;immersion 5\u00b0C : 5 minutes d&rsquo;immersion 10\u00b0C : 10 minutes d&rsquo;immersion 15\u00b0C : 15 minutes d&rsquo;immersion Il est essentiel de se sentir revigor\u00e9 sans \u00eatre inconfortable. Si vous ressentez des frissons, de l&rsquo;engourdissement ou tout autre signe d&rsquo;hypothermie, sortez imm\u00e9diatement de l&rsquo;eau et r\u00e9chauffez-vous.","og_url":"https:\/\/saunafab.ca\/en\/product\/bain-froid\/","og_site_name":"SaunaFab - Saunas baril et bains froids","article_publisher":"https:\/\/www.facebook.com\/profile.php?id=61557895574503","article_modified_time":"2026-01-12T19:05:32+00:00","og_image":[{"width":2560,"height":1920,"url":"https:\/\/saunafab.ca\/wp-content\/uploads\/2024\/10\/IMG_8277-scaled.jpeg","type":"image\/jpeg"}],"twitter_card":"summary_large_image","twitter_misc":{"Est. reading time":"1 minute"},"schema":{"@context":"https:\/\/schema.org","@graph":[{"@type":"WebPage","@id":"https:\/\/saunafab.ca\/en\/product\/bain-froid\/","url":"https:\/\/saunafab.ca\/en\/product\/bain-froid\/","name":"Bain froid - SaunaFab - Saunas baril et bains froids","isPartOf":{"@id":"https:\/\/saunafab.ca\/en\/#website"},"primaryImageOfPage":{"@id":"https:\/\/saunafab.ca\/en\/product\/bain-froid\/#primaryimage"},"image":{"@id":"https:\/\/saunafab.ca\/en\/product\/bain-froid\/#primaryimage"},"thumbnailUrl":"https:\/\/saunafab.ca\/wp-content\/uploads\/2024\/10\/IMG_8277-scaled.jpeg","datePublished":"2024-10-10T17:02:57+00:00","dateModified":"2026-01-12T19:05:32+00:00","breadcrumb":{"@id":"https:\/\/saunafab.ca\/en\/product\/bain-froid\/#breadcrumb"},"inLanguage":"en-CA","potentialAction":[{"@type":"ReadAction","target":["https:\/\/saunafab.ca\/en\/product\/bain-froid\/"]}]},{"@type":"ImageObject","inLanguage":"en-CA","@id":"https:\/\/saunafab.ca\/en\/product\/bain-froid\/#primaryimage","url":"https:\/\/saunafab.ca\/wp-content\/uploads\/2024\/10\/IMG_8277-scaled.jpeg","contentUrl":"https:\/\/saunafab.ca\/wp-content\/uploads\/2024\/10\/IMG_8277-scaled.jpeg","width":2560,"height":1920},{"@type":"BreadcrumbList","@id":"https:\/\/saunafab.ca\/en\/product\/bain-froid\/#breadcrumb","itemListElement":[{"@type":"ListItem","position":1,"name":"Accueil","item":"https:\/\/saunafab.ca\/en\/"},{"@type":"ListItem","position":2,"name":"Shop","item":"https:\/\/saunafab.ca\/en\/boutique\/"},{"@type":"ListItem","position":3,"name":"Bain froid"}]},{"@type":"WebSite","@id":"https:\/\/saunafab.ca\/en\/#website","url":"https:\/\/saunafab.ca\/en\/","name":"SaunaFab","description":"Saunas baril et bains froids haut de gamme offerts au Qu&eacute;bec, pour une exp&eacute;rience de d&eacute;tente et de bien-&ecirc;tre incomparable.","publisher":{"@id":"https:\/\/saunafab.ca\/en\/#organization"},"potentialAction":[{"@type":"SearchAction","target":{"@type":"EntryPoint","urlTemplate":"https:\/\/saunafab.ca\/en\/?s={search_term_string}"},"query-input":{"@type":"PropertyValueSpecification","valueRequired":true,"valueName":"search_term_string"}}],"inLanguage":"en-CA"},{"@type":"Organization","@id":"https:\/\/saunafab.ca\/en\/#organization","name":"SaunaFab","url":"https:\/\/saunafab.ca\/en\/","logo":{"@type":"ImageObject","inLanguage":"en-CA","@id":"https:\/\/saunafab.ca\/en\/#\/schema\/logo\/image\/","url":"https:\/\/saunafab.ca\/wp-content\/uploads\/2024\/07\/cropped-logo-saunafab.png","contentUrl":"https:\/\/saunafab.ca\/wp-content\/uploads\/2024\/07\/cropped-logo-saunafab.png","width":512,"height":512,"caption":"SaunaFab"},"image":{"@id":"https:\/\/saunafab.ca\/en\/#\/schema\/logo\/image\/"},"sameAs":["https:\/\/www.facebook.com\/profile.php?id=61557895574503"]}]}},"acf":[],"wcpa_form_fields":null,"_links":{"self":[{"href":"https:\/\/saunafab.ca\/en\/wp-json\/wp\/v2\/product\/2349","targetHints":{"allow":["GET"]}}],"collection":[{"href":"https:\/\/saunafab.ca\/en\/wp-json\/wp\/v2\/product"}],"about":[{"href":"https:\/\/saunafab.ca\/en\/wp-json\/wp\/v2\/types\/product"}],"replies":[{"embeddable":true,"href":"https:\/\/saunafab.ca\/en\/wp-json\/wp\/v2\/comments?post=2349"}],"wp:featuredmedia":[{"embeddable":true,"href":"https:\/\/saunafab.ca\/en\/wp-json\/wp\/v2\/media\/2850"}],"wp:attachment":[{"href":"https:\/\/saunafab.ca\/en\/wp-json\/wp\/v2\/media?parent=2349"}],"wp:term":[{"taxonomy":"product_brand","embeddable":true,"href":"https:\/\/saunafab.ca\/en\/wp-json\/wp\/v2\/product_brand?post=2349"},{"taxonomy":"product_cat","embeddable":true,"href":"https:\/\/saunafab.ca\/en\/wp-json\/wp\/v2\/product_cat?post=2349"},{"taxonomy":"product_tag","embeddable":true,"href":"https:\/\/saunafab.ca\/en\/wp-json\/wp\/v2\/product_tag?post=2349"}],"curies":[{"name":"wp","href":"https:\/\/api.w.org\/{rel}","templated":true}]}}