{"id":2351,"date":"2024-10-10T17:06:08","date_gmt":"2024-10-10T17:06:08","guid":{"rendered":"https:\/\/saunafab.ca\/?post_type=product&#038;p=2351"},"modified":"2024-10-11T17:37:19","modified_gmt":"2024-10-11T17:37:19","slug":"kit-de-depart-sceau-louche-thermometre-hygrometre","status":"publish","type":"product","link":"https:\/\/saunafab.ca\/en\/product\/kit-de-depart-sceau-louche-thermometre-hygrometre\/","title":{"rendered":"Starter Kit (Bucket, Ladle, Thermometer, Hygrometer)"},"content":{"rendered":"<p>..<\/p>","protected":false},"excerpt":{"rendered":"<p>..<\/p>","protected":false},"featured_media":2409,"comment_status":"open","ping_status":"closed","template":"","meta":[],"product_brand":[],"product_cat":[59],"product_tag":[],"class_list":{"0":"post-2351","1":"product","2":"type-product","3":"status-publish","4":"has-post-thumbnail","6":"product_cat-accessoires","8":"first","9":"instock","10":"taxable","11":"shipping-taxable","12":"purchasable","13":"product-type-simple"},"yoast_head":"<!-- This site is optimized with the Yoast SEO plugin v27.4 - https:\/\/yoast.com\/product\/yoast-seo-wordpress\/ -->\n<title>Kit de d\u00e9part ( Sceau, louche, thermom\u00e8tre, hygrom\u00e8tre) - SaunaFab - Saunas baril et bains froids<\/title>\n<meta name=\"robots\" content=\"index, follow, max-snippet:-1, max-image-preview:large, max-video-preview:-1\" \/>\n<link rel=\"canonical\" href=\"https:\/\/saunafab.ca\/en\/product\/kit-de-depart-sceau-louche-thermometre-hygrometre\/\" \/>\n<meta property=\"og:locale\" content=\"en_US\" \/>\n<meta property=\"og:type\" content=\"article\" \/>\n<meta property=\"og:title\" content=\"Kit de d\u00e9part ( Sceau, louche, thermom\u00e8tre, hygrom\u00e8tre) - SaunaFab - Saunas baril et bains froids\" \/>\n<meta property=\"og:description\" content=\"..\" \/>\n<meta property=\"og:url\" content=\"https:\/\/saunafab.ca\/en\/product\/kit-de-depart-sceau-louche-thermometre-hygrometre\/\" \/>\n<meta property=\"og:site_name\" content=\"SaunaFab - Saunas baril et bains froids\" \/>\n<meta property=\"article:publisher\" content=\"https:\/\/www.facebook.com\/profile.php?id=61557895574503\" \/>\n<meta property=\"article:modified_time\" content=\"2024-10-11T17:37:19+00:00\" \/>\n<meta property=\"og:image\" content=\"https:\/\/saunafab.ca\/wp-content\/uploads\/2024\/10\/photo-1678988227223-45112511eca2.jpg\" \/>\n\t<meta property=\"og:image:width\" content=\"1080\" \/>\n\t<meta property=\"og:image:height\" content=\"720\" \/>\n\t<meta property=\"og:image:type\" content=\"image\/jpeg\" \/>\n<meta name=\"twitter:card\" content=\"summary_large_image\" \/>\n<script type=\"application\/ld+json\" class=\"yoast-schema-graph\">{\"@context\":\"https:\\\/\\\/schema.org\",\"@graph\":[{\"@type\":\"WebPage\",\"@id\":\"https:\\\/\\\/saunafab.ca\\\/product\\\/kit-de-depart-sceau-louche-thermometre-hygrometre\\\/\",\"url\":\"https:\\\/\\\/saunafab.ca\\\/product\\\/kit-de-depart-sceau-louche-thermometre-hygrometre\\\/\",\"name\":\"Kit de d\u00e9part ( Sceau, louche, thermom\u00e8tre, hygrom\u00e8tre) - SaunaFab - Saunas baril et bains froids\",\"isPartOf\":{\"@id\":\"https:\\\/\\\/saunafab.ca\\\/en\\\/#website\"},\"primaryImageOfPage\":{\"@id\":\"https:\\\/\\\/saunafab.ca\\\/product\\\/kit-de-depart-sceau-louche-thermometre-hygrometre\\\/#primaryimage\"},\"image\":{\"@id\":\"https:\\\/\\\/saunafab.ca\\\/product\\\/kit-de-depart-sceau-louche-thermometre-hygrometre\\\/#primaryimage\"},\"thumbnailUrl\":\"https:\\\/\\\/saunafab.ca\\\/wp-content\\\/uploads\\\/2024\\\/10\\\/photo-1678988227223-45112511eca2.jpg\",\"datePublished\":\"2024-10-10T17:06:08+00:00\",\"dateModified\":\"2024-10-11T17:37:19+00:00\",\"breadcrumb\":{\"@id\":\"https:\\\/\\\/saunafab.ca\\\/product\\\/kit-de-depart-sceau-louche-thermometre-hygrometre\\\/#breadcrumb\"},\"inLanguage\":\"en-CA\",\"potentialAction\":[{\"@type\":\"ReadAction\",\"target\":[\"https:\\\/\\\/saunafab.ca\\\/product\\\/kit-de-depart-sceau-louche-thermometre-hygrometre\\\/\"]}]},{\"@type\":\"ImageObject\",\"inLanguage\":\"en-CA\",\"@id\":\"https:\\\/\\\/saunafab.ca\\\/product\\\/kit-de-depart-sceau-louche-thermometre-hygrometre\\\/#primaryimage\",\"url\":\"https:\\\/\\\/saunafab.ca\\\/wp-content\\\/uploads\\\/2024\\\/10\\\/photo-1678988227223-45112511eca2.jpg\",\"contentUrl\":\"https:\\\/\\\/saunafab.ca\\\/wp-content\\\/uploads\\\/2024\\\/10\\\/photo-1678988227223-45112511eca2.jpg\",\"width\":1080,\"height\":720,\"caption\":\"Kit acessoires sauna\"},{\"@type\":\"BreadcrumbList\",\"@id\":\"https:\\\/\\\/saunafab.ca\\\/product\\\/kit-de-depart-sceau-louche-thermometre-hygrometre\\\/#breadcrumb\",\"itemListElement\":[{\"@type\":\"ListItem\",\"position\":1,\"name\":\"Accueil\",\"item\":\"https:\\\/\\\/saunafab.ca\\\/en\\\/\"},{\"@type\":\"ListItem\",\"position\":2,\"name\":\"Shop\",\"item\":\"https:\\\/\\\/saunafab.ca\\\/en\\\/boutique\\\/\"},{\"@type\":\"ListItem\",\"position\":3,\"name\":\"Kit de d\u00e9part ( Sceau, louche, thermom\u00e8tre, hygrom\u00e8tre)\"}]},{\"@type\":\"WebSite\",\"@id\":\"https:\\\/\\\/saunafab.ca\\\/en\\\/#website\",\"url\":\"https:\\\/\\\/saunafab.ca\\\/en\\\/\",\"name\":\"SaunaFab\",\"description\":\"Saunas baril et bains froids haut de gamme offerts au Qu&eacute;bec, pour une exp&eacute;rience de d&eacute;tente et de bien-&ecirc;tre incomparable.\",\"publisher\":{\"@id\":\"https:\\\/\\\/saunafab.ca\\\/en\\\/#organization\"},\"potentialAction\":[{\"@type\":\"SearchAction\",\"target\":{\"@type\":\"EntryPoint\",\"urlTemplate\":\"https:\\\/\\\/saunafab.ca\\\/en\\\/?s={search_term_string}\"},\"query-input\":{\"@type\":\"PropertyValueSpecification\",\"valueRequired\":true,\"valueName\":\"search_term_string\"}}],\"inLanguage\":\"en-CA\"},{\"@type\":\"Organization\",\"@id\":\"https:\\\/\\\/saunafab.ca\\\/en\\\/#organization\",\"name\":\"SaunaFab\",\"url\":\"https:\\\/\\\/saunafab.ca\\\/en\\\/\",\"logo\":{\"@type\":\"ImageObject\",\"inLanguage\":\"en-CA\",\"@id\":\"https:\\\/\\\/saunafab.ca\\\/en\\\/#\\\/schema\\\/logo\\\/image\\\/\",\"url\":\"https:\\\/\\\/saunafab.ca\\\/wp-content\\\/uploads\\\/2024\\\/07\\\/cropped-logo-saunafab.png\",\"contentUrl\":\"https:\\\/\\\/saunafab.ca\\\/wp-content\\\/uploads\\\/2024\\\/07\\\/cropped-logo-saunafab.png\",\"width\":512,\"height\":512,\"caption\":\"SaunaFab\"},\"image\":{\"@id\":\"https:\\\/\\\/saunafab.ca\\\/en\\\/#\\\/schema\\\/logo\\\/image\\\/\"},\"sameAs\":[\"https:\\\/\\\/www.facebook.com\\\/profile.php?id=61557895574503\"]}]}<\/script>\n<!-- \/ Yoast SEO plugin. -->","yoast_head_json":{"title":"Kit de d\u00e9part ( Sceau, louche, thermom\u00e8tre, hygrom\u00e8tre) - SaunaFab - Saunas baril et bains froids","robots":{"index":"index","follow":"follow","max-snippet":"max-snippet:-1","max-image-preview":"max-image-preview:large","max-video-preview":"max-video-preview:-1"},"canonical":"https:\/\/saunafab.ca\/en\/product\/kit-de-depart-sceau-louche-thermometre-hygrometre\/","og_locale":"en_US","og_type":"article","og_title":"Kit de d\u00e9part ( Sceau, louche, thermom\u00e8tre, hygrom\u00e8tre) - SaunaFab - Saunas baril et bains froids","og_description":"..","og_url":"https:\/\/saunafab.ca\/en\/product\/kit-de-depart-sceau-louche-thermometre-hygrometre\/","og_site_name":"SaunaFab - Saunas baril et bains froids","article_publisher":"https:\/\/www.facebook.com\/profile.php?id=61557895574503","article_modified_time":"2024-10-11T17:37:19+00:00","og_image":[{"width":1080,"height":720,"url":"https:\/\/saunafab.ca\/wp-content\/uploads\/2024\/10\/photo-1678988227223-45112511eca2.jpg","type":"image\/jpeg"}],"twitter_card":"summary_large_image","schema":{"@context":"https:\/\/schema.org","@graph":[{"@type":"WebPage","@id":"https:\/\/saunafab.ca\/product\/kit-de-depart-sceau-louche-thermometre-hygrometre\/","url":"https:\/\/saunafab.ca\/product\/kit-de-depart-sceau-louche-thermometre-hygrometre\/","name":"Kit de d\u00e9part ( Sceau, louche, thermom\u00e8tre, hygrom\u00e8tre) - SaunaFab - Saunas baril et bains froids","isPartOf":{"@id":"https:\/\/saunafab.ca\/en\/#website"},"primaryImageOfPage":{"@id":"https:\/\/saunafab.ca\/product\/kit-de-depart-sceau-louche-thermometre-hygrometre\/#primaryimage"},"image":{"@id":"https:\/\/saunafab.ca\/product\/kit-de-depart-sceau-louche-thermometre-hygrometre\/#primaryimage"},"thumbnailUrl":"https:\/\/saunafab.ca\/wp-content\/uploads\/2024\/10\/photo-1678988227223-45112511eca2.jpg","datePublished":"2024-10-10T17:06:08+00:00","dateModified":"2024-10-11T17:37:19+00:00","breadcrumb":{"@id":"https:\/\/saunafab.ca\/product\/kit-de-depart-sceau-louche-thermometre-hygrometre\/#breadcrumb"},"inLanguage":"en-CA","potentialAction":[{"@type":"ReadAction","target":["https:\/\/saunafab.ca\/product\/kit-de-depart-sceau-louche-thermometre-hygrometre\/"]}]},{"@type":"ImageObject","inLanguage":"en-CA","@id":"https:\/\/saunafab.ca\/product\/kit-de-depart-sceau-louche-thermometre-hygrometre\/#primaryimage","url":"https:\/\/saunafab.ca\/wp-content\/uploads\/2024\/10\/photo-1678988227223-45112511eca2.jpg","contentUrl":"https:\/\/saunafab.ca\/wp-content\/uploads\/2024\/10\/photo-1678988227223-45112511eca2.jpg","width":1080,"height":720,"caption":"Kit acessoires sauna"},{"@type":"BreadcrumbList","@id":"https:\/\/saunafab.ca\/product\/kit-de-depart-sceau-louche-thermometre-hygrometre\/#breadcrumb","itemListElement":[{"@type":"ListItem","position":1,"name":"Accueil","item":"https:\/\/saunafab.ca\/en\/"},{"@type":"ListItem","position":2,"name":"Shop","item":"https:\/\/saunafab.ca\/en\/boutique\/"},{"@type":"ListItem","position":3,"name":"Kit de d\u00e9part ( Sceau, louche, thermom\u00e8tre, hygrom\u00e8tre)"}]},{"@type":"WebSite","@id":"https:\/\/saunafab.ca\/en\/#website","url":"https:\/\/saunafab.ca\/en\/","name":"SaunaFab","description":"Saunas baril et bains froids haut de gamme offerts au Qu&eacute;bec, pour une exp&eacute;rience de d&eacute;tente et de bien-&ecirc;tre incomparable.","publisher":{"@id":"https:\/\/saunafab.ca\/en\/#organization"},"potentialAction":[{"@type":"SearchAction","target":{"@type":"EntryPoint","urlTemplate":"https:\/\/saunafab.ca\/en\/?s={search_term_string}"},"query-input":{"@type":"PropertyValueSpecification","valueRequired":true,"valueName":"search_term_string"}}],"inLanguage":"en-CA"},{"@type":"Organization","@id":"https:\/\/saunafab.ca\/en\/#organization","name":"SaunaFab","url":"https:\/\/saunafab.ca\/en\/","logo":{"@type":"ImageObject","inLanguage":"en-CA","@id":"https:\/\/saunafab.ca\/en\/#\/schema\/logo\/image\/","url":"https:\/\/saunafab.ca\/wp-content\/uploads\/2024\/07\/cropped-logo-saunafab.png","contentUrl":"https:\/\/saunafab.ca\/wp-content\/uploads\/2024\/07\/cropped-logo-saunafab.png","width":512,"height":512,"caption":"SaunaFab"},"image":{"@id":"https:\/\/saunafab.ca\/en\/#\/schema\/logo\/image\/"},"sameAs":["https:\/\/www.facebook.com\/profile.php?id=61557895574503"]}]}},"acf":[],"wcpa_form_fields":null,"_links":{"self":[{"href":"https:\/\/saunafab.ca\/en\/wp-json\/wp\/v2\/product\/2351","targetHints":{"allow":["GET"]}}],"collection":[{"href":"https:\/\/saunafab.ca\/en\/wp-json\/wp\/v2\/product"}],"about":[{"href":"https:\/\/saunafab.ca\/en\/wp-json\/wp\/v2\/types\/product"}],"replies":[{"embeddable":true,"href":"https:\/\/saunafab.ca\/en\/wp-json\/wp\/v2\/comments?post=2351"}],"wp:featuredmedia":[{"embeddable":true,"href":"https:\/\/saunafab.ca\/en\/wp-json\/wp\/v2\/media\/2409"}],"wp:attachment":[{"href":"https:\/\/saunafab.ca\/en\/wp-json\/wp\/v2\/media?parent=2351"}],"wp:term":[{"taxonomy":"product_brand","embeddable":true,"href":"https:\/\/saunafab.ca\/en\/wp-json\/wp\/v2\/product_brand?post=2351"},{"taxonomy":"product_cat","embeddable":true,"href":"https:\/\/saunafab.ca\/en\/wp-json\/wp\/v2\/product_cat?post=2351"},{"taxonomy":"product_tag","embeddable":true,"href":"https:\/\/saunafab.ca\/en\/wp-json\/wp\/v2\/product_tag?post=2351"}],"curies":[{"name":"wp","href":"https:\/\/api.w.org\/{rel}","templated":true}]}}